{"id":838,"date":"2022-11-04T18:50:21","date_gmt":"2022-11-04T17:50:21","guid":{"rendered":"https:\/\/veslud.com\/?page_id=838"},"modified":"2022-11-04T18:50:22","modified_gmt":"2022-11-04T17:50:22","slug":"defile-dhalloween","status":"publish","type":"page","link":"https:\/\/veslud.com\/index.php\/defile-dhalloween\/","title":{"rendered":"D\u00e9fil\u00e9 d&rsquo;Halloween"},"content":{"rendered":"\n<p><\/p>\n\n\n<div class=\"wp-block-image\">\n<figure class=\"aligncenter size-large is-resized\"><img loading=\"lazy\" decoding=\"async\" src=\"https:\/\/veslud.com\/wp-content\/uploads\/2022\/11\/001-1024x600.jpeg\" alt=\"\" class=\"wp-image-895\" width=\"840\" height=\"492\" srcset=\"https:\/\/veslud.com\/wp-content\/uploads\/2022\/11\/001-1024x600.jpeg 1024w, https:\/\/veslud.com\/wp-content\/uploads\/2022\/11\/001-300x176.jpeg 300w, https:\/\/veslud.com\/wp-content\/uploads\/2022\/11\/001-768x450.jpeg 768w, https:\/\/veslud.com\/wp-content\/uploads\/2022\/11\/001-1536x900.jpeg 1536w, https:\/\/veslud.com\/wp-content\/uploads\/2022\/11\/001-2048x1200.jpeg 2048w\" sizes=\"auto, (max-width: 840px) 100vw, 840px\" \/><\/figure>\n<\/div>\n\n\n<p>Cette ann\u00e9e encore, le d\u00e9fil\u00e9 d&rsquo;Halloween a rencontr\u00e9 un franc succ\u00e8s grace \u00e0 la pr\u00e9sence de nombreux petits diablotins.<\/p>\n\n\n\n<figure class=\"wp-block-gallery has-nested-images columns-default is-cropped wp-block-gallery-1 is-layout-flex wp-block-gallery-is-layout-flex\">\n<figure class=\"wp-block-image size-large\"><img loading=\"lazy\" decoding=\"async\" width=\"797\" height=\"1024\" data-id=\"894\" src=\"https:\/\/veslud.com\/wp-content\/uploads\/2022\/11\/002-797x1024.jpeg\" alt=\"\" class=\"wp-image-894\" srcset=\"https:\/\/veslud.com\/wp-content\/uploads\/2022\/11\/002-797x1024.jpeg 797w, https:\/\/veslud.com\/wp-content\/uploads\/2022\/11\/002-233x300.jpeg 233w, https:\/\/veslud.com\/wp-content\/uploads\/2022\/11\/002-768x987.jpeg 768w, https:\/\/veslud.com\/wp-content\/uploads\/2022\/11\/002-1195x1536.jpeg 1195w, https:\/\/veslud.com\/wp-content\/uploads\/2022\/11\/002-1593x2048.jpeg 1593w, https:\/\/veslud.com\/wp-content\/uploads\/2022\/11\/002-scaled.jpeg 1991w\" sizes=\"auto, (max-width: 797px) 100vw, 797px\" \/><\/figure>\n\n\n\n<figure class=\"wp-block-image size-large\"><img loading=\"lazy\" decoding=\"async\" width=\"660\" height=\"1024\" data-id=\"893\" src=\"https:\/\/veslud.com\/wp-content\/uploads\/2022\/11\/003-660x1024.jpeg\" alt=\"\" class=\"wp-image-893\" srcset=\"https:\/\/veslud.com\/wp-content\/uploads\/2022\/11\/003-660x1024.jpeg 660w, https:\/\/veslud.com\/wp-content\/uploads\/2022\/11\/003-193x300.jpeg 193w, https:\/\/veslud.com\/wp-content\/uploads\/2022\/11\/003-768x1191.jpeg 768w, https:\/\/veslud.com\/wp-content\/uploads\/2022\/11\/003-990x1536.jpeg 990w, https:\/\/veslud.com\/wp-content\/uploads\/2022\/11\/003-1320x2048.jpeg 1320w, https:\/\/veslud.com\/wp-content\/uploads\/2022\/11\/003.jpeg 1560w\" sizes=\"auto, (max-width: 660px) 100vw, 660px\" \/><\/figure>\n\n\n\n<figure class=\"wp-block-image size-large\"><img loading=\"lazy\" decoding=\"async\" width=\"755\" height=\"1024\" data-id=\"892\" src=\"https:\/\/veslud.com\/wp-content\/uploads\/2022\/11\/004-755x1024.jpeg\" alt=\"\" class=\"wp-image-892\" srcset=\"https:\/\/veslud.com\/wp-content\/uploads\/2022\/11\/004-755x1024.jpeg 755w, https:\/\/veslud.com\/wp-content\/uploads\/2022\/11\/004-221x300.jpeg 221w, https:\/\/veslud.com\/wp-content\/uploads\/2022\/11\/004-768x1042.jpeg 768w, https:\/\/veslud.com\/wp-content\/uploads\/2022\/11\/004-1132x1536.jpeg 1132w, https:\/\/veslud.com\/wp-content\/uploads\/2022\/11\/004-1510x2048.jpeg 1510w, https:\/\/veslud.com\/wp-content\/uploads\/2022\/11\/004-scaled.jpeg 1887w\" sizes=\"auto, (max-width: 755px) 100vw, 755px\" \/><\/figure>\n<\/figure>\n\n\n\n<p><\/p>\n\n\n\n<figure class=\"wp-block-image size-large\"><img loading=\"lazy\" decoding=\"async\" width=\"1024\" height=\"644\" src=\"https:\/\/veslud.com\/wp-content\/uploads\/2022\/11\/005-1024x644.jpeg\" alt=\"\" class=\"wp-image-891\" srcset=\"https:\/\/veslud.com\/wp-content\/uploads\/2022\/11\/005-1024x644.jpeg 1024w, https:\/\/veslud.com\/wp-content\/uploads\/2022\/11\/005-300x189.jpeg 300w, https:\/\/veslud.com\/wp-content\/uploads\/2022\/11\/005-768x483.jpeg 768w, https:\/\/veslud.com\/wp-content\/uploads\/2022\/11\/005-1536x966.jpeg 1536w, https:\/\/veslud.com\/wp-content\/uploads\/2022\/11\/005-2048x1289.jpeg 2048w\" sizes=\"auto, (max-width: 1024px) 100vw, 1024px\" \/><\/figure>\n\n\n\n<div class=\"wp-block-group\"><div class=\"wp-block-group__inner-container is-layout-constrained wp-block-group-is-layout-constrained\">\n<div class=\"wp-block-columns is-layout-flex wp-container-core-columns-is-layout-9d6595d7 wp-block-columns-is-layout-flex\">\n<div class=\"wp-block-column is-vertically-aligned-center is-layout-flow wp-block-column-is-layout-flow\" style=\"flex-basis:100%\">\n<figure class=\"wp-block-gallery has-nested-images columns-default is-cropped wp-block-gallery-2 is-layout-flex wp-block-gallery-is-layout-flex\">\n<figure class=\"wp-block-image size-large\"><img loading=\"lazy\" decoding=\"async\" width=\"709\" height=\"1024\" data-id=\"890\" src=\"https:\/\/veslud.com\/wp-content\/uploads\/2022\/11\/006-709x1024.jpeg\" alt=\"\" class=\"wp-image-890\" srcset=\"https:\/\/veslud.com\/wp-content\/uploads\/2022\/11\/006-709x1024.jpeg 709w, https:\/\/veslud.com\/wp-content\/uploads\/2022\/11\/006-208x300.jpeg 208w, https:\/\/veslud.com\/wp-content\/uploads\/2022\/11\/006-768x1108.jpeg 768w, https:\/\/veslud.com\/wp-content\/uploads\/2022\/11\/006.jpeg 988w\" sizes=\"auto, (max-width: 709px) 100vw, 709px\" \/><\/figure>\n\n\n\n<figure class=\"wp-block-image size-large\"><img loading=\"lazy\" decoding=\"async\" width=\"674\" height=\"1024\" data-id=\"904\" src=\"https:\/\/veslud.com\/wp-content\/uploads\/2022\/11\/009b-674x1024.jpeg\" alt=\"\" class=\"wp-image-904\" srcset=\"https:\/\/veslud.com\/wp-content\/uploads\/2022\/11\/009b-674x1024.jpeg 674w, https:\/\/veslud.com\/wp-content\/uploads\/2022\/11\/009b-198x300.jpeg 198w, https:\/\/veslud.com\/wp-content\/uploads\/2022\/11\/009b.jpeg 698w\" sizes=\"auto, (max-width: 674px) 100vw, 674px\" \/><\/figure>\n\n\n\n<figure class=\"wp-block-image size-large\"><img loading=\"lazy\" decoding=\"async\" width=\"865\" height=\"1024\" data-id=\"889\" src=\"https:\/\/veslud.com\/wp-content\/uploads\/2022\/11\/007-865x1024.jpeg\" alt=\"\" class=\"wp-image-889\" srcset=\"https:\/\/veslud.com\/wp-content\/uploads\/2022\/11\/007-865x1024.jpeg 865w, https:\/\/veslud.com\/wp-content\/uploads\/2022\/11\/007-253x300.jpeg 253w, https:\/\/veslud.com\/wp-content\/uploads\/2022\/11\/007-768x909.jpeg 768w, https:\/\/veslud.com\/wp-content\/uploads\/2022\/11\/007-1297x1536.jpeg 1297w, https:\/\/veslud.com\/wp-content\/uploads\/2022\/11\/007.jpeg 1435w\" sizes=\"auto, (max-width: 865px) 100vw, 865px\" \/><\/figure>\n<\/figure>\n<\/div>\n<\/div>\n\n\n\n<div class=\"wp-block-media-text alignwide has-media-on-the-right is-stacked-on-mobile\"><div class=\"wp-block-media-text__content\">\n<p>Sorci\u00e8res et monstres en tout genre ont parcouru les rues du village \u00e0 la conqu\u00eate de friandises &#8230;<\/p>\n\n\n\n<p><\/p>\n<\/div><figure class=\"wp-block-media-text__media\"><img loading=\"lazy\" decoding=\"async\" width=\"1024\" height=\"1024\" src=\"https:\/\/veslud.com\/wp-content\/uploads\/2022\/11\/008-1024x1024.jpeg\" alt=\"\" class=\"wp-image-888 size-full\" srcset=\"https:\/\/veslud.com\/wp-content\/uploads\/2022\/11\/008-1024x1024.jpeg 1024w, https:\/\/veslud.com\/wp-content\/uploads\/2022\/11\/008-300x300.jpeg 300w, https:\/\/veslud.com\/wp-content\/uploads\/2022\/11\/008-150x150.jpeg 150w, https:\/\/veslud.com\/wp-content\/uploads\/2022\/11\/008-768x767.jpeg 768w, https:\/\/veslud.com\/wp-content\/uploads\/2022\/11\/008.jpeg 1081w\" sizes=\"auto, (max-width: 1024px) 100vw, 1024px\" \/><\/figure><\/div>\n\n\n\n<figure class=\"wp-block-gallery has-nested-images columns-default is-cropped wp-block-gallery-3 is-layout-flex wp-block-gallery-is-layout-flex\">\n<figure class=\"wp-block-image size-large\"><img loading=\"lazy\" decoding=\"async\" width=\"768\" height=\"1024\" data-id=\"884\" src=\"https:\/\/veslud.com\/wp-content\/uploads\/2022\/11\/16-768x1024.jpeg\" alt=\"\" class=\"wp-image-884\" srcset=\"https:\/\/veslud.com\/wp-content\/uploads\/2022\/11\/16-768x1024.jpeg 768w, https:\/\/veslud.com\/wp-content\/uploads\/2022\/11\/16-225x300.jpeg 225w, https:\/\/veslud.com\/wp-content\/uploads\/2022\/11\/16.jpeg 810w\" sizes=\"auto, (max-width: 768px) 100vw, 768px\" \/><\/figure>\n\n\n\n<figure class=\"wp-block-image size-full\"><img loading=\"lazy\" decoding=\"async\" width=\"549\" height=\"676\" data-id=\"885\" src=\"https:\/\/veslud.com\/wp-content\/uploads\/2022\/11\/15.jpeg\" alt=\"\" class=\"wp-image-885\" srcset=\"https:\/\/veslud.com\/wp-content\/uploads\/2022\/11\/15.jpeg 549w, https:\/\/veslud.com\/wp-content\/uploads\/2022\/11\/15-244x300.jpeg 244w\" sizes=\"auto, (max-width: 549px) 100vw, 549px\" \/><\/figure>\n<\/figure>\n\n\n\n<div class=\"wp-block-media-text alignwide is-stacked-on-mobile\" style=\"grid-template-columns:33% auto\"><figure class=\"wp-block-media-text__media\"><img loading=\"lazy\" decoding=\"async\" width=\"653\" height=\"1024\" src=\"https:\/\/veslud.com\/wp-content\/uploads\/2022\/11\/20-653x1024.jpeg\" alt=\"\" class=\"wp-image-883 size-full\" srcset=\"https:\/\/veslud.com\/wp-content\/uploads\/2022\/11\/20-653x1024.jpeg 653w, https:\/\/veslud.com\/wp-content\/uploads\/2022\/11\/20-191x300.jpeg 191w, https:\/\/veslud.com\/wp-content\/uploads\/2022\/11\/20-768x1204.jpeg 768w, https:\/\/veslud.com\/wp-content\/uploads\/2022\/11\/20.jpeg 898w\" sizes=\"auto, (max-width: 653px) 100vw, 653px\" \/><\/figure><div class=\"wp-block-media-text__content\">\n<p>&#8230; qu\u00eate qui s&rsquo;est termin\u00e9e \u00e0 la tomb\u00e9e de la nuit.<\/p>\n\n\n\n<p><\/p>\n<\/div><\/div>\n<\/div><\/div>\n\n\n\n<p><\/p>\n\n\n\n<p>Un grand merci \u00e0 tous les participants, petits et grands, aux organisateurs ainsi qu&rsquo;\u00e0 l&rsquo;ensemble des habitants qui ont fait une nouvelle fois de cette f\u00eate une r\u00e9ussite.<\/p>\n\n\n\n<figure class=\"wp-block-image size-large\"><img loading=\"lazy\" decoding=\"async\" width=\"1024\" height=\"461\" src=\"https:\/\/veslud.com\/wp-content\/uploads\/2022\/11\/30-1024x461.jpeg\" alt=\"\" class=\"wp-image-882\" srcset=\"https:\/\/veslud.com\/wp-content\/uploads\/2022\/11\/30-1024x461.jpeg 1024w, https:\/\/veslud.com\/wp-content\/uploads\/2022\/11\/30-300x135.jpeg 300w, https:\/\/veslud.com\/wp-content\/uploads\/2022\/11\/30-768x346.jpeg 768w, https:\/\/veslud.com\/wp-content\/uploads\/2022\/11\/30-1536x691.jpeg 1536w, https:\/\/veslud.com\/wp-content\/uploads\/2022\/11\/30.jpeg 2000w\" sizes=\"auto, (max-width: 1024px) 100vw, 1024px\" \/><\/figure>\n","protected":false},"excerpt":{"rendered":"<p>Cette ann\u00e9e encore, le d\u00e9fil\u00e9 d&rsquo;Halloween a rencontr\u00e9 un franc succ\u00e8s grace \u00e0 la pr\u00e9sence de nombreux petits diablotins. Sorci\u00e8res et monstres en tout genre ont parcouru les rues du village \u00e0 la conqu\u00eate de friandises &#8230; &#8230; qu\u00eate qui s&rsquo;est termin\u00e9e \u00e0 la tomb\u00e9e de la nuit. Un grand merci \u00e0 tous les participants, petits et grands, aux organisateurs ainsi qu&rsquo;\u00e0 l&rsquo;ensemble des habitants qui ont fait une nouvelle fois de cette f\u00eate une r\u00e9ussite.<\/p>\n","protected":false},"author":1,"featured_media":881,"parent":0,"menu_order":0,"comment_status":"closed","ping_status":"closed","template":"","meta":{"footnotes":""},"class_list":["post-838","page","type-page","status-publish","has-post-thumbnail"],"_links":{"self":[{"href":"https:\/\/veslud.com\/index.php\/wp-json\/wp\/v2\/pages\/838","targetHints":{"allow":["GET"]}}],"collection":[{"href":"https:\/\/veslud.com\/index.php\/wp-json\/wp\/v2\/pages"}],"about":[{"href":"https:\/\/veslud.com\/index.php\/wp-json\/wp\/v2\/types\/page"}],"author":[{"embeddable":true,"href":"https:\/\/veslud.com\/index.php\/wp-json\/wp\/v2\/users\/1"}],"replies":[{"embeddable":true,"href":"https:\/\/veslud.com\/index.php\/wp-json\/wp\/v2\/comments?post=838"}],"version-history":[{"count":16,"href":"https:\/\/veslud.com\/index.php\/wp-json\/wp\/v2\/pages\/838\/revisions"}],"predecessor-version":[{"id":909,"href":"https:\/\/veslud.com\/index.php\/wp-json\/wp\/v2\/pages\/838\/revisions\/909"}],"wp:featuredmedia":[{"embeddable":true,"href":"https:\/\/veslud.com\/index.php\/wp-json\/wp\/v2\/media\/881"}],"wp:attachment":[{"href":"https:\/\/veslud.com\/index.php\/wp-json\/wp\/v2\/media?parent=838"}],"curies":[{"name":"wp","href":"https:\/\/api.w.org\/{rel}","templated":true}]}}