{"id":705,"date":"2022-05-11T19:21:42","date_gmt":"2022-05-11T17:21:42","guid":{"rendered":"https:\/\/veslud.com\/?page_id=705"},"modified":"2022-05-11T19:28:16","modified_gmt":"2022-05-11T17:28:16","slug":"agenda","status":"publish","type":"page","link":"https:\/\/veslud.com\/index.php\/agenda\/","title":{"rendered":"Agenda"},"content":{"rendered":"\n<p>Permanence de la gendarmerie de Sissonne \u00e0 Veslud<\/p>\n\n\n\n<p>La brigade de gendarmerie de Sissonne assurera une permanence en mairie de Veslud le vendredi 13 mai de 10h \u00e0 11h30. Le but des permanences temporaires dans les communes est d&rsquo;aller au contact de la population et de fournir un service allant de la diffusion de messages de pr\u00e9vention (tranquillit\u00e9 senior, pr\u00e9vention, cambriolage, &#8230;) jusqu&rsquo;\u00e0 l&rsquo;\u00e9ventuel recueil de plainte. En outre, une patrouille p\u00e9destre sera pr\u00e9sente dans les rues de la commune. De ce fait, n&rsquo;h\u00e9siter pas \u00e0 contacter les gendarmes pr\u00e9sents pour tout renseignement ou conseil  concernant votre s\u00e9curit\u00e9. <\/p>\n\n\n\n<p class=\"has-medium-font-size\">F\u00eate des voisins le 20 Mai<\/p>\n\n\n\n<p>A l&rsquo;occasion de la f\u00eate des voisins, la municipalit\u00e9 vous propose de partager un moment de convivialit\u00e9 \u00e0 la salle des f\u00eates le vendredi 20 mai \u00e0 19h. L&rsquo;ap\u00e9ritif, le plat de viande, le pain vous seront offerts et chaque famille participante est invit\u00e9e \u00e0 apporter sa contribution au buffet commun : entr\u00e9e et\/ou dessert. Bulletin d&rsquo;inscription \u00e0 d\u00e9poser \u00e0 la mairie ou par mail (  <a href=\"mailto:mairie.veslud@wanadoo.fr\">mairie.veslud@wanadoo.fr<\/a> ) avant le lundi 16 mai.<\/p>\n\n\n\n<p class=\"has-medium-font-size\">F\u00eate des M\u00e8res le 28 Mai<\/p>\n\n\n\n<p>La Municipalit\u00e9 a le plaisir de convier les m\u00e8res de la commune le samedi 28 mai \u00e0 18h dans la salle de r\u00e9union de la mairie pour une r\u00e9ception en leur honneur.<\/p>\n\n\n\n<p class=\"has-medium-font-size\">Elections l\u00e9gislatives du 12 et 19 Juin<\/p>\n\n\n\n<p>Le bureau de vote sera ouvert de 8h \u00e0 18h. Si vous \u00eates int\u00e9ress\u00e9 pour remplir le r\u00f4le d&rsquo;assesseur au bureau de vote, veuillez contacter la mairie.<\/p>\n\n\n\n<p class=\"has-medium-font-size\">Brocante du 26 Juin<\/p>\n\n\n\n<p>Le comit\u00e9 des f\u00eates organise une brocante le dimanche 26 juin de 6h \u00e0 18h. De ce fait, la circulation et le stationnement des v\u00e9hicules seront interdits dans les rues suivantes : Place de la Mairie, du Presbyt\u00e8re, et rue Gali\u00e8gue. Emplacements gratuits et inscriptions \u00e0 la mairie aux heures de permanence ou par mail.<\/p>\n","protected":false},"excerpt":{"rendered":"<p>Permanence de la gendarmerie de Sissonne \u00e0 Veslud La brigade de gendarmerie de Sissonne assurera une permanence en mairie de Veslud le vendredi 13 mai de 10h \u00e0 11h30. Le but des permanences temporaires dans les communes est d&rsquo;aller au contact de la population et de fournir un service allant de la diffusion de messages de pr\u00e9vention (tranquillit\u00e9 senior, pr\u00e9vention, cambriolage, &#8230;) jusqu&rsquo;\u00e0 l&rsquo;\u00e9ventuel recueil de plainte. En outre, une patrouille p\u00e9destre sera pr\u00e9sente dans les rues de la commune. De ce fait, n&rsquo;h\u00e9siter pas \u00e0 contacter les gendarmes pr\u00e9sents pour tout renseignement ou conseil concernant votre s\u00e9curit\u00e9. F\u00eate des voisins le 20 Mai A l&rsquo;occasion de la f\u00eate des voisins, la municipalit\u00e9 vous propose de partager un moment de convivialit\u00e9 \u00e0 la salle des f\u00eates le vendredi 20 mai \u00e0 19h. L&rsquo;ap\u00e9ritif, le plat de viande, le pain vous seront offerts et chaque famille participante est invit\u00e9e \u00e0 apporter&hellip;<\/p>\n<p> <a class=\"more-link\" href=\"https:\/\/veslud.com\/index.php\/agenda\/\">Lire la suite<\/a><\/p>\n","protected":false},"author":1,"featured_media":121,"parent":0,"menu_order":0,"comment_status":"closed","ping_status":"closed","template":"","meta":{"footnotes":""},"class_list":["post-705","page","type-page","status-publish","has-post-thumbnail"],"_links":{"self":[{"href":"https:\/\/veslud.com\/index.php\/wp-json\/wp\/v2\/pages\/705","targetHints":{"allow":["GET"]}}],"collection":[{"href":"https:\/\/veslud.com\/index.php\/wp-json\/wp\/v2\/pages"}],"about":[{"href":"https:\/\/veslud.com\/index.php\/wp-json\/wp\/v2\/types\/page"}],"author":[{"embeddable":true,"href":"https:\/\/veslud.com\/index.php\/wp-json\/wp\/v2\/users\/1"}],"replies":[{"embeddable":true,"href":"https:\/\/veslud.com\/index.php\/wp-json\/wp\/v2\/comments?post=705"}],"version-history":[{"count":7,"href":"https:\/\/veslud.com\/index.php\/wp-json\/wp\/v2\/pages\/705\/revisions"}],"predecessor-version":[{"id":715,"href":"https:\/\/veslud.com\/index.php\/wp-json\/wp\/v2\/pages\/705\/revisions\/715"}],"wp:featuredmedia":[{"embeddable":true,"href":"https:\/\/veslud.com\/index.php\/wp-json\/wp\/v2\/media\/121"}],"wp:attachment":[{"href":"https:\/\/veslud.com\/index.php\/wp-json\/wp\/v2\/media?parent=705"}],"curies":[{"name":"wp","href":"https:\/\/api.w.org\/{rel}","templated":true}]}}