{"id":662,"date":"2022-01-26T18:11:23","date_gmt":"2022-01-26T17:11:23","guid":{"rendered":"https:\/\/veslud.com\/?page_id=662"},"modified":"2022-01-26T18:11:23","modified_gmt":"2022-01-26T17:11:23","slug":"travaux-rue-andre-galiegue-2","status":"publish","type":"page","link":"https:\/\/veslud.com\/index.php\/travaux-rue-andre-galiegue-2\/","title":{"rendered":"Travaux Rue Andr\u00e9 Gali\u00e8gue"},"content":{"rendered":"\n<div class=\"wp-block-media-text alignwide is-stacked-on-mobile\" style=\"grid-template-columns:38% auto\"><figure class=\"wp-block-media-text__media\"><img loading=\"lazy\" decoding=\"async\" width=\"640\" height=\"480\" src=\"https:\/\/veslud.com\/wp-content\/uploads\/2022\/01\/IMG_2161.jpg\" alt=\"\" class=\"wp-image-659 size-full\" srcset=\"https:\/\/veslud.com\/wp-content\/uploads\/2022\/01\/IMG_2161.jpg 640w, https:\/\/veslud.com\/wp-content\/uploads\/2022\/01\/IMG_2161-300x225.jpg 300w\" sizes=\"auto, (max-width: 640px) 100vw, 640px\" \/><\/figure><div class=\"wp-block-media-text__content\">\n<p>L&rsquo;am\u00e9nagement de la rue Gali\u00e8gue est d\u00e9sormais termin\u00e9 avec la mise en place des enrob\u00e9s sur la chauss\u00e9e qui a eu lieu le 19 Janvier dernier.<\/p>\n<\/div><\/div>\n\n\n\n<div class=\"wp-block-media-text alignwide has-media-on-the-right is-stacked-on-mobile\" style=\"grid-template-columns:auto 43%\"><figure class=\"wp-block-media-text__media\"><img loading=\"lazy\" decoding=\"async\" width=\"640\" height=\"480\" src=\"https:\/\/veslud.com\/wp-content\/uploads\/2022\/01\/IMG_2160.jpg\" alt=\"\" class=\"wp-image-658 size-full\" srcset=\"https:\/\/veslud.com\/wp-content\/uploads\/2022\/01\/IMG_2160.jpg 640w, https:\/\/veslud.com\/wp-content\/uploads\/2022\/01\/IMG_2160-300x225.jpg 300w\" sizes=\"auto, (max-width: 640px) 100vw, 640px\" \/><\/figure><div class=\"wp-block-media-text__content\">\n<p>L&rsquo;entreprise Gorez avait \u00e9t\u00e9 choisie apr\u00e8s un appel d&rsquo;offre pour un co\u00fbt de travaux de 130 000\u20ac TTC.<\/p>\n<\/div><\/div>\n\n\n\n<div class=\"wp-block-media-text alignwide is-stacked-on-mobile\" style=\"grid-template-columns:37% auto\"><figure class=\"wp-block-media-text__media\"><img loading=\"lazy\" decoding=\"async\" width=\"640\" height=\"480\" src=\"https:\/\/veslud.com\/wp-content\/uploads\/2022\/01\/IMG_2164.jpg\" alt=\"\" class=\"wp-image-660 size-full\" srcset=\"https:\/\/veslud.com\/wp-content\/uploads\/2022\/01\/IMG_2164.jpg 640w, https:\/\/veslud.com\/wp-content\/uploads\/2022\/01\/IMG_2164-300x225.jpg 300w\" sizes=\"auto, (max-width: 640px) 100vw, 640px\" \/><\/figure><div class=\"wp-block-media-text__content\">\n<p>Cet investissement a pu avoir lieu gr\u00e2ce aux aides du Conseil du Conseil D\u00e9partemental pour un montant de 43 000\u20ac ainsi que de la Communaut\u00e9 d&rsquo;Agglom\u00e9ration \u00e0 hauteur de 32 000\u20ac.<\/p>\n<\/div><\/div>\n","protected":false},"excerpt":{"rendered":"<p>L&rsquo;am\u00e9nagement de la rue Gali\u00e8gue est d\u00e9sormais termin\u00e9 avec la mise en place des enrob\u00e9s sur la chauss\u00e9e qui a eu lieu le 19 Janvier dernier. L&rsquo;entreprise Gorez avait \u00e9t\u00e9 choisie apr\u00e8s un appel d&rsquo;offre pour un co\u00fbt de travaux de 130 000\u20ac TTC. Cet investissement a pu avoir lieu gr\u00e2ce aux aides du Conseil du Conseil D\u00e9partemental pour un montant de 43 000\u20ac ainsi que de la Communaut\u00e9 d&rsquo;Agglom\u00e9ration \u00e0 hauteur de 32 000\u20ac.<\/p>\n","protected":false},"author":1,"featured_media":650,"parent":0,"menu_order":0,"comment_status":"closed","ping_status":"closed","template":"","meta":{"footnotes":""},"class_list":["post-662","page","type-page","status-publish","has-post-thumbnail"],"_links":{"self":[{"href":"https:\/\/veslud.com\/index.php\/wp-json\/wp\/v2\/pages\/662","targetHints":{"allow":["GET"]}}],"collection":[{"href":"https:\/\/veslud.com\/index.php\/wp-json\/wp\/v2\/pages"}],"about":[{"href":"https:\/\/veslud.com\/index.php\/wp-json\/wp\/v2\/types\/page"}],"author":[{"embeddable":true,"href":"https:\/\/veslud.com\/index.php\/wp-json\/wp\/v2\/users\/1"}],"replies":[{"embeddable":true,"href":"https:\/\/veslud.com\/index.php\/wp-json\/wp\/v2\/comments?post=662"}],"version-history":[{"count":4,"href":"https:\/\/veslud.com\/index.php\/wp-json\/wp\/v2\/pages\/662\/revisions"}],"predecessor-version":[{"id":667,"href":"https:\/\/veslud.com\/index.php\/wp-json\/wp\/v2\/pages\/662\/revisions\/667"}],"wp:featuredmedia":[{"embeddable":true,"href":"https:\/\/veslud.com\/index.php\/wp-json\/wp\/v2\/media\/650"}],"wp:attachment":[{"href":"https:\/\/veslud.com\/index.php\/wp-json\/wp\/v2\/media?parent=662"}],"curies":[{"name":"wp","href":"https:\/\/api.w.org\/{rel}","templated":true}]}}