{"id":1847,"date":"2025-05-29T14:07:07","date_gmt":"2025-05-29T12:07:07","guid":{"rendered":"https:\/\/veslud.com\/?page_id=1847"},"modified":"2025-05-29T14:07:07","modified_gmt":"2025-05-29T12:07:07","slug":"fete-des-meres-2025","status":"publish","type":"page","link":"https:\/\/veslud.com\/index.php\/fete-des-meres-2025\/","title":{"rendered":"F\u00eate des m\u00e8res 2025"},"content":{"rendered":"\n<div class=\"wp-block-media-text is-stacked-on-mobile\"><figure class=\"wp-block-media-text__media\"><img loading=\"lazy\" decoding=\"async\" width=\"800\" height=\"606\" src=\"https:\/\/veslud.com\/wp-content\/uploads\/2025\/05\/Fete-des-meres_Veslud_2025_02.jpg\" alt=\"\" class=\"wp-image-1838 size-full\" srcset=\"https:\/\/veslud.com\/wp-content\/uploads\/2025\/05\/Fete-des-meres_Veslud_2025_02.jpg 800w, https:\/\/veslud.com\/wp-content\/uploads\/2025\/05\/Fete-des-meres_Veslud_2025_02-300x227.jpg 300w, https:\/\/veslud.com\/wp-content\/uploads\/2025\/05\/Fete-des-meres_Veslud_2025_02-768x582.jpg 768w\" sizes=\"auto, (max-width: 800px) 100vw, 800px\" \/><\/figure><div class=\"wp-block-media-text__content\">\n<p>Le 24 mai dernier, les habitants de Veslud se sont r\u00e9unis pour c\u00e9l\u00e9brer la f\u00eate des m\u00e8res. Autour d\u2019un verre et de quelques douceurs, cette rencontre a permis de partager un moment convivial et chaleureux.<\/p>\n<\/div><\/div>\n\n\n\n<figure class=\"wp-block-gallery has-nested-images columns-default is-cropped wp-block-gallery-1 is-layout-flex wp-block-gallery-is-layout-flex\">\n<figure class=\"wp-block-image size-large\"><img loading=\"lazy\" decoding=\"async\" width=\"800\" height=\"600\" data-id=\"1837\" src=\"https:\/\/veslud.com\/wp-content\/uploads\/2025\/05\/Fete-des-meres_Veslud_2025_01.jpg\" alt=\"\" class=\"wp-image-1837\" srcset=\"https:\/\/veslud.com\/wp-content\/uploads\/2025\/05\/Fete-des-meres_Veslud_2025_01.jpg 800w, https:\/\/veslud.com\/wp-content\/uploads\/2025\/05\/Fete-des-meres_Veslud_2025_01-300x225.jpg 300w, https:\/\/veslud.com\/wp-content\/uploads\/2025\/05\/Fete-des-meres_Veslud_2025_01-768x576.jpg 768w\" sizes=\"auto, (max-width: 800px) 100vw, 800px\" \/><\/figure>\n\n\n\n<figure class=\"wp-block-image size-large\"><img loading=\"lazy\" decoding=\"async\" width=\"800\" height=\"602\" data-id=\"1841\" src=\"https:\/\/veslud.com\/wp-content\/uploads\/2025\/05\/Fete-des-meres_Veslud_2025_05.jpg\" alt=\"\" class=\"wp-image-1841\" srcset=\"https:\/\/veslud.com\/wp-content\/uploads\/2025\/05\/Fete-des-meres_Veslud_2025_05.jpg 800w, https:\/\/veslud.com\/wp-content\/uploads\/2025\/05\/Fete-des-meres_Veslud_2025_05-300x226.jpg 300w, https:\/\/veslud.com\/wp-content\/uploads\/2025\/05\/Fete-des-meres_Veslud_2025_05-768x578.jpg 768w\" sizes=\"auto, (max-width: 800px) 100vw, 800px\" \/><\/figure>\n\n\n\n<figure class=\"wp-block-image size-large\"><img loading=\"lazy\" decoding=\"async\" width=\"800\" height=\"600\" data-id=\"1840\" src=\"https:\/\/veslud.com\/wp-content\/uploads\/2025\/05\/Fete-des-meres_Veslud_2025_04.jpg\" alt=\"\" class=\"wp-image-1840\" srcset=\"https:\/\/veslud.com\/wp-content\/uploads\/2025\/05\/Fete-des-meres_Veslud_2025_04.jpg 800w, https:\/\/veslud.com\/wp-content\/uploads\/2025\/05\/Fete-des-meres_Veslud_2025_04-300x225.jpg 300w, https:\/\/veslud.com\/wp-content\/uploads\/2025\/05\/Fete-des-meres_Veslud_2025_04-768x576.jpg 768w\" sizes=\"auto, (max-width: 800px) 100vw, 800px\" \/><\/figure>\n<\/figure>\n\n\n\n<div class=\"wp-block-media-text has-media-on-the-right is-stacked-on-mobile\"><div class=\"wp-block-media-text__content\">\n<p>Ce fut aussi l\u2019occasion de rencontrer de nouveaux habitants de notre petit coin de campagne, et \u00e0 qui nous souhaitons de tout c\u0153ur la bienvenue.<\/p>\n<\/div><figure class=\"wp-block-media-text__media\"><img loading=\"lazy\" decoding=\"async\" width=\"800\" height=\"600\" src=\"https:\/\/veslud.com\/wp-content\/uploads\/2025\/05\/Fete-des-meres_Veslud_2025_10.jpg\" alt=\"\" class=\"wp-image-1846 size-full\" srcset=\"https:\/\/veslud.com\/wp-content\/uploads\/2025\/05\/Fete-des-meres_Veslud_2025_10.jpg 800w, https:\/\/veslud.com\/wp-content\/uploads\/2025\/05\/Fete-des-meres_Veslud_2025_10-300x225.jpg 300w, https:\/\/veslud.com\/wp-content\/uploads\/2025\/05\/Fete-des-meres_Veslud_2025_10-768x576.jpg 768w\" sizes=\"auto, (max-width: 800px) 100vw, 800px\" \/><\/figure><\/div>\n\n\n\n<figure class=\"wp-block-gallery has-nested-images columns-default is-cropped wp-block-gallery-2 is-layout-flex wp-block-gallery-is-layout-flex\">\n<figure class=\"wp-block-image size-large\"><img loading=\"lazy\" decoding=\"async\" width=\"800\" height=\"605\" data-id=\"1844\" src=\"https:\/\/veslud.com\/wp-content\/uploads\/2025\/05\/Fete-des-meres_Veslud_2025_08.jpg\" alt=\"\" class=\"wp-image-1844\" srcset=\"https:\/\/veslud.com\/wp-content\/uploads\/2025\/05\/Fete-des-meres_Veslud_2025_08.jpg 800w, https:\/\/veslud.com\/wp-content\/uploads\/2025\/05\/Fete-des-meres_Veslud_2025_08-300x227.jpg 300w, https:\/\/veslud.com\/wp-content\/uploads\/2025\/05\/Fete-des-meres_Veslud_2025_08-768x581.jpg 768w\" sizes=\"auto, (max-width: 800px) 100vw, 800px\" \/><\/figure>\n\n\n\n<figure class=\"wp-block-image size-full\"><img loading=\"lazy\" decoding=\"async\" width=\"800\" height=\"600\" data-id=\"1843\" src=\"https:\/\/veslud.com\/wp-content\/uploads\/2025\/05\/Fete-des-meres_Veslud_2025_07.jpg\" alt=\"\" class=\"wp-image-1843\" srcset=\"https:\/\/veslud.com\/wp-content\/uploads\/2025\/05\/Fete-des-meres_Veslud_2025_07.jpg 800w, https:\/\/veslud.com\/wp-content\/uploads\/2025\/05\/Fete-des-meres_Veslud_2025_07-300x225.jpg 300w, https:\/\/veslud.com\/wp-content\/uploads\/2025\/05\/Fete-des-meres_Veslud_2025_07-768x576.jpg 768w\" sizes=\"auto, (max-width: 800px) 100vw, 800px\" \/><\/figure>\n\n\n\n<figure class=\"wp-block-image size-large\"><img loading=\"lazy\" decoding=\"async\" width=\"800\" height=\"600\" data-id=\"1839\" src=\"https:\/\/veslud.com\/wp-content\/uploads\/2025\/05\/Fete-des-meres_Veslud_2025_03.jpg\" alt=\"\" class=\"wp-image-1839\" srcset=\"https:\/\/veslud.com\/wp-content\/uploads\/2025\/05\/Fete-des-meres_Veslud_2025_03.jpg 800w, https:\/\/veslud.com\/wp-content\/uploads\/2025\/05\/Fete-des-meres_Veslud_2025_03-300x225.jpg 300w, https:\/\/veslud.com\/wp-content\/uploads\/2025\/05\/Fete-des-meres_Veslud_2025_03-768x576.jpg 768w\" sizes=\"auto, (max-width: 800px) 100vw, 800px\" \/><\/figure>\n<\/figure>\n\n\n\n<div class=\"wp-block-media-text is-stacked-on-mobile\"><figure class=\"wp-block-media-text__media\"><img loading=\"lazy\" decoding=\"async\" width=\"800\" height=\"600\" src=\"https:\/\/veslud.com\/wp-content\/uploads\/2025\/05\/Fete-des-meres_Veslud_2025_06.jpg\" alt=\"\" class=\"wp-image-1842 size-full\" srcset=\"https:\/\/veslud.com\/wp-content\/uploads\/2025\/05\/Fete-des-meres_Veslud_2025_06.jpg 800w, https:\/\/veslud.com\/wp-content\/uploads\/2025\/05\/Fete-des-meres_Veslud_2025_06-300x225.jpg 300w, https:\/\/veslud.com\/wp-content\/uploads\/2025\/05\/Fete-des-meres_Veslud_2025_06-768x576.jpg 768w\" sizes=\"auto, (max-width: 800px) 100vw, 800px\" \/><\/figure><div class=\"wp-block-media-text__content\">\n<p>Une belle surprise a marqu\u00e9 la soir\u00e9e : une ancienne habitante, partie \u00e0 ses vingt ans et de passage dans la r\u00e9gion, a revu des visages d&rsquo;autrefois, dont un ami d\u2019enfance qu\u2019elle n\u2019avait pas crois\u00e9 depuis des dizaines d\u2019ann\u00e9es.<\/p>\n<\/div><\/div>\n\n\n\n<figure class=\"wp-block-image size-large\"><img loading=\"lazy\" decoding=\"async\" width=\"1024\" height=\"517\" src=\"https:\/\/veslud.com\/wp-content\/uploads\/2025\/05\/Fete-des-meres_Veslud_2025_09-1024x517.jpg\" alt=\"\" class=\"wp-image-1845\" srcset=\"https:\/\/veslud.com\/wp-content\/uploads\/2025\/05\/Fete-des-meres_Veslud_2025_09-1024x517.jpg 1024w, https:\/\/veslud.com\/wp-content\/uploads\/2025\/05\/Fete-des-meres_Veslud_2025_09-300x151.jpg 300w, https:\/\/veslud.com\/wp-content\/uploads\/2025\/05\/Fete-des-meres_Veslud_2025_09-768x388.jpg 768w, https:\/\/veslud.com\/wp-content\/uploads\/2025\/05\/Fete-des-meres_Veslud_2025_09.jpg 1189w\" sizes=\"auto, (max-width: 1024px) 100vw, 1024px\" \/><\/figure>\n\n\n\n<p>Pour clore cette belle soir\u00e9e, chaque maman est repartie avec une fleur, symbole de notre affection. Merci \u00e0 chacun pour sa pr\u00e9sence et sa bonne humeur.<\/p>\n\n\n\n<p><\/p>\n","protected":false},"excerpt":{"rendered":"<p>Le 24 mai dernier, les habitants de Veslud se sont r\u00e9unis pour c\u00e9l\u00e9brer la f\u00eate des m\u00e8res. Autour d\u2019un verre et de quelques douceurs, cette rencontre a permis de partager un moment convivial et chaleureux. Ce fut aussi l\u2019occasion de rencontrer de nouveaux habitants de notre petit coin de campagne, et \u00e0 qui nous souhaitons de tout c\u0153ur la bienvenue. Une belle surprise a marqu\u00e9 la soir\u00e9e : une ancienne habitante, partie \u00e0 ses vingt ans et de passage dans la r\u00e9gion, a revu des visages d&rsquo;autrefois, dont un ami d\u2019enfance qu\u2019elle n\u2019avait pas crois\u00e9 depuis des dizaines d\u2019ann\u00e9es. Pour clore cette belle soir\u00e9e, chaque maman est repartie avec une fleur, symbole de notre affection. Merci \u00e0 chacun pour sa pr\u00e9sence et sa bonne humeur.<\/p>\n","protected":false},"author":1,"featured_media":1825,"parent":0,"menu_order":0,"comment_status":"closed","ping_status":"closed","template":"","meta":{"footnotes":""},"class_list":["post-1847","page","type-page","status-publish","has-post-thumbnail"],"_links":{"self":[{"href":"https:\/\/veslud.com\/index.php\/wp-json\/wp\/v2\/pages\/1847","targetHints":{"allow":["GET"]}}],"collection":[{"href":"https:\/\/veslud.com\/index.php\/wp-json\/wp\/v2\/pages"}],"about":[{"href":"https:\/\/veslud.com\/index.php\/wp-json\/wp\/v2\/types\/page"}],"author":[{"embeddable":true,"href":"https:\/\/veslud.com\/index.php\/wp-json\/wp\/v2\/users\/1"}],"replies":[{"embeddable":true,"href":"https:\/\/veslud.com\/index.php\/wp-json\/wp\/v2\/comments?post=1847"}],"version-history":[{"count":1,"href":"https:\/\/veslud.com\/index.php\/wp-json\/wp\/v2\/pages\/1847\/revisions"}],"predecessor-version":[{"id":1848,"href":"https:\/\/veslud.com\/index.php\/wp-json\/wp\/v2\/pages\/1847\/revisions\/1848"}],"wp:featuredmedia":[{"embeddable":true,"href":"https:\/\/veslud.com\/index.php\/wp-json\/wp\/v2\/media\/1825"}],"wp:attachment":[{"href":"https:\/\/veslud.com\/index.php\/wp-json\/wp\/v2\/media?parent=1847"}],"curies":[{"name":"wp","href":"https:\/\/api.w.org\/{rel}","templated":true}]}}