{"id":1815,"date":"2025-05-27T18:33:09","date_gmt":"2025-05-27T16:33:09","guid":{"rendered":"https:\/\/veslud.com\/?page_id=1815"},"modified":"2025-05-27T18:33:10","modified_gmt":"2025-05-27T16:33:10","slug":"lapero-des-voisins-2025","status":"publish","type":"page","link":"https:\/\/veslud.com\/index.php\/lapero-des-voisins-2025\/","title":{"rendered":"L&rsquo;Ap\u00e9ro des Voisins 2025"},"content":{"rendered":"\n<div class=\"wp-block-media-text is-stacked-on-mobile\"><figure class=\"wp-block-media-text__media\"><img loading=\"lazy\" decoding=\"async\" width=\"591\" height=\"443\" src=\"https:\/\/veslud.com\/wp-content\/uploads\/2025\/05\/Apero-voisins_Veslud_2025_01.jpg\" alt=\"\" class=\"wp-image-1810 size-full\" srcset=\"https:\/\/veslud.com\/wp-content\/uploads\/2025\/05\/Apero-voisins_Veslud_2025_01.jpg 591w, https:\/\/veslud.com\/wp-content\/uploads\/2025\/05\/Apero-voisins_Veslud_2025_01-300x225.jpg 300w\" sizes=\"auto, (max-width: 591px) 100vw, 591px\" \/><\/figure><div class=\"wp-block-media-text__content\">\n<p>Le 23 mai, le comit\u00e9 des f\u00eates de Veslud a convi\u00e9 les habitants \u00e0 participer \u00e0 l\u2019Ap\u00e9ro des Voisins, un rendez-vous plac\u00e9 sous le signe de la convivialit\u00e9. De nombreux Veslusiens ont r\u00e9pondu pr\u00e9sents et se sont retrouv\u00e9s \u00e0 la salle des f\u00eates pour partager un moment de d\u00e9tente et d\u2019\u00e9change. <\/p>\n<\/div><\/div>\n\n\n\n<p><\/p>\n\n\n\n<div class=\"wp-block-media-text has-media-on-the-right is-stacked-on-mobile\" style=\"grid-template-columns:auto 37%\"><div class=\"wp-block-media-text__content\">\n<p>Dans une ambiance chaleureuse, les discussions sont all\u00e9es bon train, autour de quelques rafra\u00eechissements et amuse-bouches. Une belle initiative qui a permis de renforcer les liens entre les habitants de la commune.<\/p>\n\n\n\n<p>Merci \u00e0 tous et en particulier aux membres du comit\u00e9 des f\u00eates pour avoir fait de cette soir\u00e9e une r\u00e9ussite.<\/p>\n<\/div><figure class=\"wp-block-media-text__media\"><img loading=\"lazy\" decoding=\"async\" width=\"623\" height=\"818\" src=\"https:\/\/veslud.com\/wp-content\/uploads\/2025\/05\/Apero-voisins_Veslud_2025_02.jpg\" alt=\"\" class=\"wp-image-1811 size-full\" srcset=\"https:\/\/veslud.com\/wp-content\/uploads\/2025\/05\/Apero-voisins_Veslud_2025_02.jpg 623w, https:\/\/veslud.com\/wp-content\/uploads\/2025\/05\/Apero-voisins_Veslud_2025_02-228x300.jpg 228w\" sizes=\"auto, (max-width: 623px) 100vw, 623px\" \/><\/figure><\/div>\n","protected":false},"excerpt":{"rendered":"<p>Le 23 mai, le comit\u00e9 des f\u00eates de Veslud a convi\u00e9 les habitants \u00e0 participer \u00e0 l\u2019Ap\u00e9ro des Voisins, un rendez-vous plac\u00e9 sous le signe de la convivialit\u00e9. De nombreux Veslusiens ont r\u00e9pondu pr\u00e9sents et se sont retrouv\u00e9s \u00e0 la salle des f\u00eates pour partager un moment de d\u00e9tente et d\u2019\u00e9change. Dans une ambiance chaleureuse, les discussions sont all\u00e9es bon train, autour de quelques rafra\u00eechissements et amuse-bouches. Une belle initiative qui a permis de renforcer les liens entre les habitants de la commune. Merci \u00e0 tous et en particulier aux membres du comit\u00e9 des f\u00eates pour avoir fait de cette soir\u00e9e une r\u00e9ussite.<\/p>\n","protected":false},"author":1,"featured_media":661,"parent":0,"menu_order":0,"comment_status":"closed","ping_status":"closed","template":"","meta":{"footnotes":""},"class_list":["post-1815","page","type-page","status-publish","has-post-thumbnail"],"_links":{"self":[{"href":"https:\/\/veslud.com\/index.php\/wp-json\/wp\/v2\/pages\/1815","targetHints":{"allow":["GET"]}}],"collection":[{"href":"https:\/\/veslud.com\/index.php\/wp-json\/wp\/v2\/pages"}],"about":[{"href":"https:\/\/veslud.com\/index.php\/wp-json\/wp\/v2\/types\/page"}],"author":[{"embeddable":true,"href":"https:\/\/veslud.com\/index.php\/wp-json\/wp\/v2\/users\/1"}],"replies":[{"embeddable":true,"href":"https:\/\/veslud.com\/index.php\/wp-json\/wp\/v2\/comments?post=1815"}],"version-history":[{"count":2,"href":"https:\/\/veslud.com\/index.php\/wp-json\/wp\/v2\/pages\/1815\/revisions"}],"predecessor-version":[{"id":1817,"href":"https:\/\/veslud.com\/index.php\/wp-json\/wp\/v2\/pages\/1815\/revisions\/1817"}],"wp:featuredmedia":[{"embeddable":true,"href":"https:\/\/veslud.com\/index.php\/wp-json\/wp\/v2\/media\/661"}],"wp:attachment":[{"href":"https:\/\/veslud.com\/index.php\/wp-json\/wp\/v2\/media?parent=1815"}],"curies":[{"name":"wp","href":"https:\/\/api.w.org\/{rel}","templated":true}]}}