{"id":1798,"date":"2025-05-26T19:54:43","date_gmt":"2025-05-26T17:54:43","guid":{"rendered":"https:\/\/veslud.com\/?page_id=1798"},"modified":"2025-05-26T19:54:44","modified_gmt":"2025-05-26T17:54:44","slug":"paques-2025","status":"publish","type":"page","link":"https:\/\/veslud.com\/index.php\/paques-2025\/","title":{"rendered":"P\u00e2ques 2025"},"content":{"rendered":"\n<div class=\"wp-block-media-text is-stacked-on-mobile\"><figure class=\"wp-block-media-text__media\"><img loading=\"lazy\" decoding=\"async\" width=\"657\" height=\"406\" src=\"https:\/\/veslud.com\/wp-content\/uploads\/2025\/05\/Paques_Veslud_2025_1.jpg\" alt=\"\" class=\"wp-image-1794 size-full\" srcset=\"https:\/\/veslud.com\/wp-content\/uploads\/2025\/05\/Paques_Veslud_2025_1.jpg 657w, https:\/\/veslud.com\/wp-content\/uploads\/2025\/05\/Paques_Veslud_2025_1-300x185.jpg 300w\" sizes=\"auto, (max-width: 657px) 100vw, 657px\" \/><\/figure><div class=\"wp-block-media-text__content\">\n<p>La tradition s\u2019est poursuivie cette ann\u00e9e \u00e0 Veslud : les enfants ont pris part \u00e0 une belle chasse aux \u0153ufs dans l\u2019aire de jeux du village<\/p>\n<\/div><\/div>\n\n\n\n<p><\/p>\n\n\n\n<div class=\"wp-block-media-text has-media-on-the-right is-stacked-on-mobile\"><div class=\"wp-block-media-text__content\">\n<p>Ensemble, ils ont cherch\u00e9, ri, et d\u00e9couvert les friandises soigneusement dissimul\u00e9es&#8230;<\/p>\n<\/div><figure class=\"wp-block-media-text__media\"><img loading=\"lazy\" decoding=\"async\" width=\"577\" height=\"325\" src=\"https:\/\/veslud.com\/wp-content\/uploads\/2025\/05\/Paques_Veslud_2025_3.jpg\" alt=\"\" class=\"wp-image-1796 size-full\" srcset=\"https:\/\/veslud.com\/wp-content\/uploads\/2025\/05\/Paques_Veslud_2025_3.jpg 577w, https:\/\/veslud.com\/wp-content\/uploads\/2025\/05\/Paques_Veslud_2025_3-300x169.jpg 300w\" sizes=\"auto, (max-width: 577px) 100vw, 577px\" \/><\/figure><\/div>\n\n\n\n<p>Le temps du partage a cl\u00f4tur\u00e9 ce moment convivial.<\/p>\n\n\n\n<figure class=\"wp-block-image size-full\"><img loading=\"lazy\" decoding=\"async\" width=\"1000\" height=\"750\" src=\"https:\/\/veslud.com\/wp-content\/uploads\/2025\/05\/Paques_Veslud_2025_4.jpg\" alt=\"\" class=\"wp-image-1797\" srcset=\"https:\/\/veslud.com\/wp-content\/uploads\/2025\/05\/Paques_Veslud_2025_4.jpg 1000w, https:\/\/veslud.com\/wp-content\/uploads\/2025\/05\/Paques_Veslud_2025_4-300x225.jpg 300w, https:\/\/veslud.com\/wp-content\/uploads\/2025\/05\/Paques_Veslud_2025_4-768x576.jpg 768w\" sizes=\"auto, (max-width: 1000px) 100vw, 1000px\" \/><\/figure>\n\n\n\n<p>Un grand merci \u00e0 toutes celles et ceux qui ont rendu cette belle journ\u00e9e possible.<\/p>\n\n\n\n<figure class=\"wp-block-image size-full\"><img loading=\"lazy\" decoding=\"async\" width=\"1000\" height=\"750\" src=\"https:\/\/veslud.com\/wp-content\/uploads\/2025\/05\/Paques_Veslud_2025_2.jpg\" alt=\"\" class=\"wp-image-1795\" srcset=\"https:\/\/veslud.com\/wp-content\/uploads\/2025\/05\/Paques_Veslud_2025_2.jpg 1000w, https:\/\/veslud.com\/wp-content\/uploads\/2025\/05\/Paques_Veslud_2025_2-300x225.jpg 300w, https:\/\/veslud.com\/wp-content\/uploads\/2025\/05\/Paques_Veslud_2025_2-768x576.jpg 768w\" sizes=\"auto, (max-width: 1000px) 100vw, 1000px\" \/><\/figure>\n\n\n\n<p><\/p>\n","protected":false},"excerpt":{"rendered":"<p>La tradition s\u2019est poursuivie cette ann\u00e9e \u00e0 Veslud : les enfants ont pris part \u00e0 une belle chasse aux \u0153ufs dans l\u2019aire de jeux du village Ensemble, ils ont cherch\u00e9, ri, et d\u00e9couvert les friandises soigneusement dissimul\u00e9es&#8230; Le temps du partage a cl\u00f4tur\u00e9 ce moment convivial. Un grand merci \u00e0 toutes celles et ceux qui ont rendu cette belle journ\u00e9e possible.<\/p>\n","protected":false},"author":1,"featured_media":1800,"parent":0,"menu_order":0,"comment_status":"closed","ping_status":"closed","template":"","meta":{"footnotes":""},"class_list":["post-1798","page","type-page","status-publish","has-post-thumbnail"],"_links":{"self":[{"href":"https:\/\/veslud.com\/index.php\/wp-json\/wp\/v2\/pages\/1798","targetHints":{"allow":["GET"]}}],"collection":[{"href":"https:\/\/veslud.com\/index.php\/wp-json\/wp\/v2\/pages"}],"about":[{"href":"https:\/\/veslud.com\/index.php\/wp-json\/wp\/v2\/types\/page"}],"author":[{"embeddable":true,"href":"https:\/\/veslud.com\/index.php\/wp-json\/wp\/v2\/users\/1"}],"replies":[{"embeddable":true,"href":"https:\/\/veslud.com\/index.php\/wp-json\/wp\/v2\/comments?post=1798"}],"version-history":[{"count":5,"href":"https:\/\/veslud.com\/index.php\/wp-json\/wp\/v2\/pages\/1798\/revisions"}],"predecessor-version":[{"id":1804,"href":"https:\/\/veslud.com\/index.php\/wp-json\/wp\/v2\/pages\/1798\/revisions\/1804"}],"wp:featuredmedia":[{"embeddable":true,"href":"https:\/\/veslud.com\/index.php\/wp-json\/wp\/v2\/media\/1800"}],"wp:attachment":[{"href":"https:\/\/veslud.com\/index.php\/wp-json\/wp\/v2\/media?parent=1798"}],"curies":[{"name":"wp","href":"https:\/\/api.w.org\/{rel}","templated":true}]}}