{"id":1764,"date":"2025-01-06T19:29:50","date_gmt":"2025-01-06T18:29:50","guid":{"rendered":"https:\/\/veslud.com\/?page_id=1764"},"modified":"2025-01-06T19:29:50","modified_gmt":"2025-01-06T18:29:50","slug":"voeux-2025","status":"publish","type":"page","link":"https:\/\/veslud.com\/index.php\/voeux-2025\/","title":{"rendered":"Voeux 2025"},"content":{"rendered":"\n<p>C&rsquo;est un petit comit\u00e9 de villageois qui s&rsquo;est rassembl\u00e9 ce samedi 04 janvier \u00e0 la salle des f\u00eates de Veslud pour les traditionnels v\u0153ux du maire.<\/p>\n\n\n\n<figure class=\"wp-block-image size-large\"><img loading=\"lazy\" decoding=\"async\" width=\"1024\" height=\"768\" src=\"https:\/\/veslud.com\/wp-content\/uploads\/2025\/01\/Voeux-Veslud-2024-001-1024x768.jpg\" alt=\"\" class=\"wp-image-1749\" srcset=\"https:\/\/veslud.com\/wp-content\/uploads\/2025\/01\/Voeux-Veslud-2024-001-1024x768.jpg 1024w, https:\/\/veslud.com\/wp-content\/uploads\/2025\/01\/Voeux-Veslud-2024-001-300x225.jpg 300w, https:\/\/veslud.com\/wp-content\/uploads\/2025\/01\/Voeux-Veslud-2024-001-768x576.jpg 768w, https:\/\/veslud.com\/wp-content\/uploads\/2025\/01\/Voeux-Veslud-2024-001-1536x1152.jpg 1536w, https:\/\/veslud.com\/wp-content\/uploads\/2025\/01\/Voeux-Veslud-2024-001-2048x1536.jpg 2048w\" sizes=\"auto, (max-width: 1024px) 100vw, 1024px\" \/><\/figure>\n\n\n\n<div class=\"wp-block-media-text is-stacked-on-mobile\"><figure class=\"wp-block-media-text__media\"><img loading=\"lazy\" decoding=\"async\" width=\"1024\" height=\"769\" src=\"https:\/\/veslud.com\/wp-content\/uploads\/2025\/01\/Voeux-Veslud-2024-003-1024x769.jpg\" alt=\"\" class=\"wp-image-1751 size-large\" srcset=\"https:\/\/veslud.com\/wp-content\/uploads\/2025\/01\/Voeux-Veslud-2024-003-1024x769.jpg 1024w, https:\/\/veslud.com\/wp-content\/uploads\/2025\/01\/Voeux-Veslud-2024-003-300x225.jpg 300w, https:\/\/veslud.com\/wp-content\/uploads\/2025\/01\/Voeux-Veslud-2024-003-768x577.jpg 768w, https:\/\/veslud.com\/wp-content\/uploads\/2025\/01\/Voeux-Veslud-2024-003-1536x1153.jpg 1536w, https:\/\/veslud.com\/wp-content\/uploads\/2025\/01\/Voeux-Veslud-2024-003-2048x1538.jpg 2048w\" sizes=\"auto, (max-width: 1024px) 100vw, 1024px\" \/><\/figure><div class=\"wp-block-media-text__content\">\n<p>G\u00e9rard Loiseaux, accompagn\u00e9 de Thierry Delerot, conseiller d\u00e9partemental de l&rsquo;Aisne, a pu revenir sur les travaux r\u00e9alis\u00e9s au cours de l&rsquo;ann\u00e9e 2024; et communiquer sur les futurs chantiers que la commune va entreprendre.  <\/p>\n<\/div><\/div>\n\n\n\n<p>Ce fut l&rsquo;occasion pour Mr Delerot d&rsquo;affirmer son soutien \u00e0 notre village; \u00e0 hauteur des possibilit\u00e9s d\u00e9partementales bien \u00e9videmment. <\/p>\n\n\n\n<div class=\"wp-block-media-text has-media-on-the-right is-stacked-on-mobile\"><div class=\"wp-block-media-text__content\">\n<p>Par ailleurs les habitants de Veslud ont pu souhaiter \u00e0 leur employ\u00e9 communal Mr Jean-Paul Neveux une bonne et heureuse retraite et le remercier de ses bons et loyaux services des derni\u00e8res ann\u00e9es; ainsi qu&rsquo;accueillir chaleureusement son successeur Nicolas Arl\u00e9.<\/p>\n<\/div><figure class=\"wp-block-media-text__media\"><img loading=\"lazy\" decoding=\"async\" width=\"1024\" height=\"768\" src=\"https:\/\/veslud.com\/wp-content\/uploads\/2025\/01\/Voeux-Veslud-2024-005-1024x768.jpg\" alt=\"\" class=\"wp-image-1753 size-large\" srcset=\"https:\/\/veslud.com\/wp-content\/uploads\/2025\/01\/Voeux-Veslud-2024-005-1024x768.jpg 1024w, https:\/\/veslud.com\/wp-content\/uploads\/2025\/01\/Voeux-Veslud-2024-005-300x225.jpg 300w, https:\/\/veslud.com\/wp-content\/uploads\/2025\/01\/Voeux-Veslud-2024-005-768x576.jpg 768w, https:\/\/veslud.com\/wp-content\/uploads\/2025\/01\/Voeux-Veslud-2024-005-1536x1152.jpg 1536w, https:\/\/veslud.com\/wp-content\/uploads\/2025\/01\/Voeux-Veslud-2024-005-2048x1536.jpg 2048w\" sizes=\"auto, (max-width: 1024px) 100vw, 1024px\" \/><\/figure><\/div>\n\n\n\n<div class=\"wp-block-media-text is-stacked-on-mobile\" style=\"grid-template-columns:33% auto\"><figure class=\"wp-block-media-text__media\"><img loading=\"lazy\" decoding=\"async\" width=\"777\" height=\"1024\" src=\"https:\/\/veslud.com\/wp-content\/uploads\/2025\/01\/Voeux-Veslud-2024-007-777x1024.jpg\" alt=\"\" class=\"wp-image-1755 size-large\" srcset=\"https:\/\/veslud.com\/wp-content\/uploads\/2025\/01\/Voeux-Veslud-2024-007-777x1024.jpg 777w, https:\/\/veslud.com\/wp-content\/uploads\/2025\/01\/Voeux-Veslud-2024-007-228x300.jpg 228w, https:\/\/veslud.com\/wp-content\/uploads\/2025\/01\/Voeux-Veslud-2024-007-768x1012.jpg 768w, https:\/\/veslud.com\/wp-content\/uploads\/2025\/01\/Voeux-Veslud-2024-007-1166x1536.jpg 1166w, https:\/\/veslud.com\/wp-content\/uploads\/2025\/01\/Voeux-Veslud-2024-007-1554x2048.jpg 1554w, https:\/\/veslud.com\/wp-content\/uploads\/2025\/01\/Voeux-Veslud-2024-007-scaled.jpg 1943w\" sizes=\"auto, (max-width: 777px) 100vw, 777px\" \/><\/figure><div class=\"wp-block-media-text__content\">\n<p>Le comit\u00e9 des F\u00eates nouvellement reconstitu\u00e9 \u00e9tait quant \u00e0 lui repr\u00e9sent\u00e9 par S\u00e9verine Notta sa pr\u00e9sidente.<\/p>\n<\/div><\/div>\n\n\n\n<p><\/p>\n\n\n\n<div class=\"wp-block-media-text is-stacked-on-mobile\"><figure class=\"wp-block-media-text__media\"><img loading=\"lazy\" decoding=\"async\" width=\"1024\" height=\"747\" src=\"https:\/\/veslud.com\/wp-content\/uploads\/2025\/01\/Voeux-Veslud-2024-013-1024x747.jpg\" alt=\"\" class=\"wp-image-1761 size-large\" srcset=\"https:\/\/veslud.com\/wp-content\/uploads\/2025\/01\/Voeux-Veslud-2024-013-1024x747.jpg 1024w, https:\/\/veslud.com\/wp-content\/uploads\/2025\/01\/Voeux-Veslud-2024-013-300x219.jpg 300w, https:\/\/veslud.com\/wp-content\/uploads\/2025\/01\/Voeux-Veslud-2024-013-768x560.jpg 768w, https:\/\/veslud.com\/wp-content\/uploads\/2025\/01\/Voeux-Veslud-2024-013-1536x1120.jpg 1536w, https:\/\/veslud.com\/wp-content\/uploads\/2025\/01\/Voeux-Veslud-2024-013-2048x1494.jpg 2048w\" sizes=\"auto, (max-width: 1024px) 100vw, 1024px\" \/><\/figure><div class=\"wp-block-media-text__content\">\n<p>C&rsquo;est avec plaisir que l&rsquo;assembl\u00e9e a vu apparaitre le s\u00e9nateur Antoine Lefevre qui a pris un peu de son temps pour participer \u00e0 ces v\u0153ux.<\/p>\n<\/div><\/div>\n\n\n\n<p>Enfin autour du verre de l&rsquo;amiti\u00e9 et de quelques douceurs, nous pouvons dire que nous sommes pr\u00eats pour 2025. Merci \u00e0 tous les participants pour ce moment de convivialit\u00e9.<\/p>\n\n\n\n<figure class=\"wp-block-image size-large\"><img loading=\"lazy\" decoding=\"async\" width=\"1024\" height=\"768\" src=\"https:\/\/veslud.com\/wp-content\/uploads\/2025\/01\/Voeux-Veslud-2024-012-1024x768.jpg\" alt=\"\" class=\"wp-image-1760\" srcset=\"https:\/\/veslud.com\/wp-content\/uploads\/2025\/01\/Voeux-Veslud-2024-012-1024x768.jpg 1024w, https:\/\/veslud.com\/wp-content\/uploads\/2025\/01\/Voeux-Veslud-2024-012-300x225.jpg 300w, https:\/\/veslud.com\/wp-content\/uploads\/2025\/01\/Voeux-Veslud-2024-012-768x576.jpg 768w, https:\/\/veslud.com\/wp-content\/uploads\/2025\/01\/Voeux-Veslud-2024-012-1536x1152.jpg 1536w, https:\/\/veslud.com\/wp-content\/uploads\/2025\/01\/Voeux-Veslud-2024-012-2048x1536.jpg 2048w\" sizes=\"auto, (max-width: 1024px) 100vw, 1024px\" \/><\/figure>\n","protected":false},"excerpt":{"rendered":"<p>C&rsquo;est un petit comit\u00e9 de villageois qui s&rsquo;est rassembl\u00e9 ce samedi 04 janvier \u00e0 la salle des f\u00eates de Veslud pour les traditionnels v\u0153ux du maire. G\u00e9rard Loiseaux, accompagn\u00e9 de Thierry Delerot, conseiller d\u00e9partemental de l&rsquo;Aisne, a pu revenir sur les travaux r\u00e9alis\u00e9s au cours de l&rsquo;ann\u00e9e 2024; et communiquer sur les futurs chantiers que la commune va entreprendre. Ce fut l&rsquo;occasion pour Mr Delerot d&rsquo;affirmer son soutien \u00e0 notre village; \u00e0 hauteur des possibilit\u00e9s d\u00e9partementales bien \u00e9videmment. Par ailleurs les habitants de Veslud ont pu souhaiter \u00e0 leur employ\u00e9 communal Mr Jean-Paul Neveux une bonne et heureuse retraite et le remercier de ses bons et loyaux services des derni\u00e8res ann\u00e9es; ainsi qu&rsquo;accueillir chaleureusement son successeur Nicolas Arl\u00e9. Le comit\u00e9 des F\u00eates nouvellement reconstitu\u00e9 \u00e9tait quant \u00e0 lui repr\u00e9sent\u00e9 par S\u00e9verine Notta sa pr\u00e9sidente. C&rsquo;est avec plaisir que l&rsquo;assembl\u00e9e a vu apparaitre le s\u00e9nateur Antoine Lefevre qui a pris un&hellip;<\/p>\n<p> <a class=\"more-link\" href=\"https:\/\/veslud.com\/index.php\/voeux-2025\/\">Lire la suite<\/a><\/p>\n","protected":false},"author":1,"featured_media":1766,"parent":0,"menu_order":0,"comment_status":"closed","ping_status":"closed","template":"","meta":{"footnotes":""},"class_list":["post-1764","page","type-page","status-publish","has-post-thumbnail"],"_links":{"self":[{"href":"https:\/\/veslud.com\/index.php\/wp-json\/wp\/v2\/pages\/1764","targetHints":{"allow":["GET"]}}],"collection":[{"href":"https:\/\/veslud.com\/index.php\/wp-json\/wp\/v2\/pages"}],"about":[{"href":"https:\/\/veslud.com\/index.php\/wp-json\/wp\/v2\/types\/page"}],"author":[{"embeddable":true,"href":"https:\/\/veslud.com\/index.php\/wp-json\/wp\/v2\/users\/1"}],"replies":[{"embeddable":true,"href":"https:\/\/veslud.com\/index.php\/wp-json\/wp\/v2\/comments?post=1764"}],"version-history":[{"count":6,"href":"https:\/\/veslud.com\/index.php\/wp-json\/wp\/v2\/pages\/1764\/revisions"}],"predecessor-version":[{"id":1771,"href":"https:\/\/veslud.com\/index.php\/wp-json\/wp\/v2\/pages\/1764\/revisions\/1771"}],"wp:featuredmedia":[{"embeddable":true,"href":"https:\/\/veslud.com\/index.php\/wp-json\/wp\/v2\/media\/1766"}],"wp:attachment":[{"href":"https:\/\/veslud.com\/index.php\/wp-json\/wp\/v2\/media?parent=1764"}],"curies":[{"name":"wp","href":"https:\/\/api.w.org\/{rel}","templated":true}]}}