{"id":1663,"date":"2024-11-04T18:38:44","date_gmt":"2024-11-04T17:38:44","guid":{"rendered":"https:\/\/veslud.com\/?page_id=1663"},"modified":"2024-11-04T18:38:44","modified_gmt":"2024-11-04T17:38:44","slug":"defile-dhalloween-2024","status":"publish","type":"page","link":"https:\/\/veslud.com\/index.php\/defile-dhalloween-2024\/","title":{"rendered":"D\u00e9fil\u00e9 d&rsquo;Halloween 2024"},"content":{"rendered":"\n<p>Cette ann\u00e9e encore, le d\u00e9fil\u00e9 d&rsquo;Halloween de Veslud a remport\u00e9 un franc succ\u00e8s.<\/p>\n\n\n\n<div class=\"wp-block-media-text is-stacked-on-mobile\"><figure class=\"wp-block-media-text__media\"><img loading=\"lazy\" decoding=\"async\" width=\"1024\" height=\"768\" src=\"https:\/\/veslud.com\/wp-content\/uploads\/2024\/11\/Halloween-Veslud-2024_001-1024x768.jpg\" alt=\"\" class=\"wp-image-1652 size-full\" srcset=\"https:\/\/veslud.com\/wp-content\/uploads\/2024\/11\/Halloween-Veslud-2024_001-1024x768.jpg 1024w, https:\/\/veslud.com\/wp-content\/uploads\/2024\/11\/Halloween-Veslud-2024_001-300x225.jpg 300w, https:\/\/veslud.com\/wp-content\/uploads\/2024\/11\/Halloween-Veslud-2024_001-768x576.jpg 768w, https:\/\/veslud.com\/wp-content\/uploads\/2024\/11\/Halloween-Veslud-2024_001-1536x1152.jpg 1536w, https:\/\/veslud.com\/wp-content\/uploads\/2024\/11\/Halloween-Veslud-2024_001-2048x1536.jpg 2048w\" sizes=\"auto, (max-width: 1024px) 100vw, 1024px\" \/><\/figure><div class=\"wp-block-media-text__content\">\n<p>D\u00e8s le mercredi 30, les enfants avaient par\u00e9 le char d&rsquo;Halloween (nouveaut\u00e9 2024) de ses plus effrayants atours.<\/p>\n<\/div><\/div>\n\n\n\n<p><\/p>\n\n\n\n<figure class=\"wp-block-image size-large\"><img loading=\"lazy\" decoding=\"async\" width=\"1024\" height=\"379\" src=\"https:\/\/veslud.com\/wp-content\/uploads\/2024\/11\/Halloween-Veslud-2024_002-1024x379.jpg\" alt=\"\" class=\"wp-image-1653\" srcset=\"https:\/\/veslud.com\/wp-content\/uploads\/2024\/11\/Halloween-Veslud-2024_002-1024x379.jpg 1024w, https:\/\/veslud.com\/wp-content\/uploads\/2024\/11\/Halloween-Veslud-2024_002-300x111.jpg 300w, https:\/\/veslud.com\/wp-content\/uploads\/2024\/11\/Halloween-Veslud-2024_002-768x284.jpg 768w, https:\/\/veslud.com\/wp-content\/uploads\/2024\/11\/Halloween-Veslud-2024_002-1536x569.jpg 1536w, https:\/\/veslud.com\/wp-content\/uploads\/2024\/11\/Halloween-Veslud-2024_002-2048x758.jpg 2048w\" sizes=\"auto, (max-width: 1024px) 100vw, 1024px\" \/><\/figure>\n\n\n\n<p>C&rsquo;est escort\u00e9 voire transport\u00e9 par celui-ci que nos jeunes monstres, sorciers et sorci\u00e8res ont parcouru les rues brumeuses de notre village en qu\u00eate des pr\u00e9cieuses friandises.<\/p>\n\n\n\n<p><\/p>\n\n\n\n<figure class=\"wp-block-gallery has-nested-images columns-default is-cropped wp-block-gallery-1 is-layout-flex wp-block-gallery-is-layout-flex\">\n<figure class=\"wp-block-image size-large\"><img loading=\"lazy\" decoding=\"async\" width=\"1024\" height=\"586\" data-id=\"1656\" src=\"https:\/\/veslud.com\/wp-content\/uploads\/2024\/11\/Halloween-Veslud-2024_005-1024x586.jpg\" alt=\"\" class=\"wp-image-1656\" srcset=\"https:\/\/veslud.com\/wp-content\/uploads\/2024\/11\/Halloween-Veslud-2024_005-1024x586.jpg 1024w, https:\/\/veslud.com\/wp-content\/uploads\/2024\/11\/Halloween-Veslud-2024_005-300x172.jpg 300w, https:\/\/veslud.com\/wp-content\/uploads\/2024\/11\/Halloween-Veslud-2024_005-768x439.jpg 768w, https:\/\/veslud.com\/wp-content\/uploads\/2024\/11\/Halloween-Veslud-2024_005-1536x879.jpg 1536w, https:\/\/veslud.com\/wp-content\/uploads\/2024\/11\/Halloween-Veslud-2024_005.jpg 1809w\" sizes=\"auto, (max-width: 1024px) 100vw, 1024px\" \/><\/figure>\n\n\n\n<figure class=\"wp-block-image size-large\"><img loading=\"lazy\" decoding=\"async\" width=\"1024\" height=\"770\" data-id=\"1654\" src=\"https:\/\/veslud.com\/wp-content\/uploads\/2024\/11\/Halloween-Veslud-2024_003-1024x770.jpg\" alt=\"\" class=\"wp-image-1654\" srcset=\"https:\/\/veslud.com\/wp-content\/uploads\/2024\/11\/Halloween-Veslud-2024_003-1024x770.jpg 1024w, https:\/\/veslud.com\/wp-content\/uploads\/2024\/11\/Halloween-Veslud-2024_003-300x226.jpg 300w, https:\/\/veslud.com\/wp-content\/uploads\/2024\/11\/Halloween-Veslud-2024_003-768x577.jpg 768w, https:\/\/veslud.com\/wp-content\/uploads\/2024\/11\/Halloween-Veslud-2024_003-1536x1155.jpg 1536w, https:\/\/veslud.com\/wp-content\/uploads\/2024\/11\/Halloween-Veslud-2024_003-2048x1540.jpg 2048w\" sizes=\"auto, (max-width: 1024px) 100vw, 1024px\" \/><\/figure>\n<\/figure>\n\n\n\n<figure class=\"wp-block-gallery has-nested-images columns-default is-cropped wp-block-gallery-2 is-layout-flex wp-block-gallery-is-layout-flex\">\n<figure class=\"wp-block-image size-large\"><img loading=\"lazy\" decoding=\"async\" width=\"1024\" height=\"777\" data-id=\"1655\" src=\"https:\/\/veslud.com\/wp-content\/uploads\/2024\/11\/Halloween-Veslud-2024_004-1024x777.jpg\" alt=\"\" class=\"wp-image-1655\" srcset=\"https:\/\/veslud.com\/wp-content\/uploads\/2024\/11\/Halloween-Veslud-2024_004-1024x777.jpg 1024w, https:\/\/veslud.com\/wp-content\/uploads\/2024\/11\/Halloween-Veslud-2024_004-300x228.jpg 300w, https:\/\/veslud.com\/wp-content\/uploads\/2024\/11\/Halloween-Veslud-2024_004-768x583.jpg 768w, https:\/\/veslud.com\/wp-content\/uploads\/2024\/11\/Halloween-Veslud-2024_004-1536x1166.jpg 1536w, https:\/\/veslud.com\/wp-content\/uploads\/2024\/11\/Halloween-Veslud-2024_004-2048x1555.jpg 2048w\" sizes=\"auto, (max-width: 1024px) 100vw, 1024px\" \/><\/figure>\n\n\n\n<figure class=\"wp-block-image size-large\"><img loading=\"lazy\" decoding=\"async\" width=\"1024\" height=\"477\" data-id=\"1657\" src=\"https:\/\/veslud.com\/wp-content\/uploads\/2024\/11\/Halloween-Veslud-2024_006-1024x477.jpg\" alt=\"\" class=\"wp-image-1657\" srcset=\"https:\/\/veslud.com\/wp-content\/uploads\/2024\/11\/Halloween-Veslud-2024_006-1024x477.jpg 1024w, https:\/\/veslud.com\/wp-content\/uploads\/2024\/11\/Halloween-Veslud-2024_006-300x140.jpg 300w, https:\/\/veslud.com\/wp-content\/uploads\/2024\/11\/Halloween-Veslud-2024_006-768x358.jpg 768w, https:\/\/veslud.com\/wp-content\/uploads\/2024\/11\/Halloween-Veslud-2024_006-1536x715.jpg 1536w, https:\/\/veslud.com\/wp-content\/uploads\/2024\/11\/Halloween-Veslud-2024_006-2048x954.jpg 2048w\" sizes=\"auto, (max-width: 1024px) 100vw, 1024px\" \/><\/figure>\n<\/figure>\n\n\n\n<figure class=\"wp-block-gallery has-nested-images columns-default is-cropped wp-block-gallery-3 is-layout-flex wp-block-gallery-is-layout-flex\">\n<figure class=\"wp-block-image size-large\"><img loading=\"lazy\" decoding=\"async\" width=\"1024\" height=\"768\" data-id=\"1658\" src=\"https:\/\/veslud.com\/wp-content\/uploads\/2024\/11\/Halloween-Veslud-2024_007-1024x768.jpg\" alt=\"\" class=\"wp-image-1658\" srcset=\"https:\/\/veslud.com\/wp-content\/uploads\/2024\/11\/Halloween-Veslud-2024_007-1024x768.jpg 1024w, https:\/\/veslud.com\/wp-content\/uploads\/2024\/11\/Halloween-Veslud-2024_007-300x225.jpg 300w, https:\/\/veslud.com\/wp-content\/uploads\/2024\/11\/Halloween-Veslud-2024_007-768x576.jpg 768w, https:\/\/veslud.com\/wp-content\/uploads\/2024\/11\/Halloween-Veslud-2024_007-1536x1152.jpg 1536w, https:\/\/veslud.com\/wp-content\/uploads\/2024\/11\/Halloween-Veslud-2024_007-2048x1536.jpg 2048w\" sizes=\"auto, (max-width: 1024px) 100vw, 1024px\" \/><\/figure>\n\n\n\n<figure class=\"wp-block-image size-large\"><img loading=\"lazy\" decoding=\"async\" width=\"1024\" height=\"768\" data-id=\"1661\" src=\"https:\/\/veslud.com\/wp-content\/uploads\/2024\/11\/Halloween-Veslud-2024_010-1024x768.jpg\" alt=\"\" class=\"wp-image-1661\" srcset=\"https:\/\/veslud.com\/wp-content\/uploads\/2024\/11\/Halloween-Veslud-2024_010-1024x768.jpg 1024w, https:\/\/veslud.com\/wp-content\/uploads\/2024\/11\/Halloween-Veslud-2024_010-300x225.jpg 300w, https:\/\/veslud.com\/wp-content\/uploads\/2024\/11\/Halloween-Veslud-2024_010-768x576.jpg 768w, https:\/\/veslud.com\/wp-content\/uploads\/2024\/11\/Halloween-Veslud-2024_010-1536x1152.jpg 1536w, https:\/\/veslud.com\/wp-content\/uploads\/2024\/11\/Halloween-Veslud-2024_010-2048x1536.jpg 2048w\" sizes=\"auto, (max-width: 1024px) 100vw, 1024px\" \/><\/figure>\n\n\n\n<figure class=\"wp-block-image size-large\"><img loading=\"lazy\" decoding=\"async\" width=\"1024\" height=\"778\" data-id=\"1659\" src=\"https:\/\/veslud.com\/wp-content\/uploads\/2024\/11\/Halloween-Veslud-2024_008-1024x778.jpg\" alt=\"\" class=\"wp-image-1659\" srcset=\"https:\/\/veslud.com\/wp-content\/uploads\/2024\/11\/Halloween-Veslud-2024_008-1024x778.jpg 1024w, https:\/\/veslud.com\/wp-content\/uploads\/2024\/11\/Halloween-Veslud-2024_008-300x228.jpg 300w, https:\/\/veslud.com\/wp-content\/uploads\/2024\/11\/Halloween-Veslud-2024_008-768x583.jpg 768w, https:\/\/veslud.com\/wp-content\/uploads\/2024\/11\/Halloween-Veslud-2024_008-1536x1166.jpg 1536w, https:\/\/veslud.com\/wp-content\/uploads\/2024\/11\/Halloween-Veslud-2024_008-2048x1555.jpg 2048w\" sizes=\"auto, (max-width: 1024px) 100vw, 1024px\" \/><\/figure>\n<\/figure>\n\n\n\n<div class=\"wp-block-media-text has-media-on-the-right is-stacked-on-mobile\"><div class=\"wp-block-media-text__content\">\n<p>La r\u00e9colte, une nouvelle fois, fut fructueuse !<\/p>\n\n\n\n<p><\/p>\n<\/div><figure class=\"wp-block-media-text__media\"><img loading=\"lazy\" decoding=\"async\" width=\"1024\" height=\"768\" src=\"https:\/\/veslud.com\/wp-content\/uploads\/2024\/11\/Halloween-Veslud-2024_009-1024x768.jpg\" alt=\"\" class=\"wp-image-1660 size-full\" srcset=\"https:\/\/veslud.com\/wp-content\/uploads\/2024\/11\/Halloween-Veslud-2024_009-1024x768.jpg 1024w, https:\/\/veslud.com\/wp-content\/uploads\/2024\/11\/Halloween-Veslud-2024_009-300x225.jpg 300w, https:\/\/veslud.com\/wp-content\/uploads\/2024\/11\/Halloween-Veslud-2024_009-768x576.jpg 768w, https:\/\/veslud.com\/wp-content\/uploads\/2024\/11\/Halloween-Veslud-2024_009-1536x1152.jpg 1536w, https:\/\/veslud.com\/wp-content\/uploads\/2024\/11\/Halloween-Veslud-2024_009-2048x1536.jpg 2048w\" sizes=\"auto, (max-width: 1024px) 100vw, 1024px\" \/><\/figure><\/div>\n\n\n\n<p>C&rsquo;est autour d&rsquo;un go\u00fbter organis\u00e9 \u00e0 la salle des f\u00eates de la commune que les gains furent partag\u00e9s. Merci \u00e0 tous pour cette belle soir\u00e9e et bravo aux organisateurs et accompagnants qui ont fait de cette f\u00eate un moment inoubliable.<\/p>\n\n\n\n<figure class=\"wp-block-image size-large\"><img loading=\"lazy\" decoding=\"async\" width=\"1024\" height=\"768\" src=\"https:\/\/veslud.com\/wp-content\/uploads\/2024\/11\/Halloween-Veslud-2024_011-1024x768.jpg\" alt=\"\" class=\"wp-image-1662\" srcset=\"https:\/\/veslud.com\/wp-content\/uploads\/2024\/11\/Halloween-Veslud-2024_011-1024x768.jpg 1024w, https:\/\/veslud.com\/wp-content\/uploads\/2024\/11\/Halloween-Veslud-2024_011-300x225.jpg 300w, https:\/\/veslud.com\/wp-content\/uploads\/2024\/11\/Halloween-Veslud-2024_011-768x576.jpg 768w, https:\/\/veslud.com\/wp-content\/uploads\/2024\/11\/Halloween-Veslud-2024_011-1536x1152.jpg 1536w, https:\/\/veslud.com\/wp-content\/uploads\/2024\/11\/Halloween-Veslud-2024_011-2048x1536.jpg 2048w\" sizes=\"auto, (max-width: 1024px) 100vw, 1024px\" \/><\/figure>\n","protected":false},"excerpt":{"rendered":"<p>Cette ann\u00e9e encore, le d\u00e9fil\u00e9 d&rsquo;Halloween de Veslud a remport\u00e9 un franc succ\u00e8s. D\u00e8s le mercredi 30, les enfants avaient par\u00e9 le char d&rsquo;Halloween (nouveaut\u00e9 2024) de ses plus effrayants atours. C&rsquo;est escort\u00e9 voire transport\u00e9 par celui-ci que nos jeunes monstres, sorciers et sorci\u00e8res ont parcouru les rues brumeuses de notre village en qu\u00eate des pr\u00e9cieuses friandises. La r\u00e9colte, une nouvelle fois, fut fructueuse ! C&rsquo;est autour d&rsquo;un go\u00fbter organis\u00e9 \u00e0 la salle des f\u00eates de la commune que les gains furent partag\u00e9s. Merci \u00e0 tous pour cette belle soir\u00e9e et bravo aux organisateurs et accompagnants qui ont fait de cette f\u00eate un moment inoubliable.<\/p>\n","protected":false},"author":1,"featured_media":289,"parent":0,"menu_order":0,"comment_status":"closed","ping_status":"closed","template":"","meta":{"footnotes":""},"class_list":["post-1663","page","type-page","status-publish","has-post-thumbnail"],"_links":{"self":[{"href":"https:\/\/veslud.com\/index.php\/wp-json\/wp\/v2\/pages\/1663","targetHints":{"allow":["GET"]}}],"collection":[{"href":"https:\/\/veslud.com\/index.php\/wp-json\/wp\/v2\/pages"}],"about":[{"href":"https:\/\/veslud.com\/index.php\/wp-json\/wp\/v2\/types\/page"}],"author":[{"embeddable":true,"href":"https:\/\/veslud.com\/index.php\/wp-json\/wp\/v2\/users\/1"}],"replies":[{"embeddable":true,"href":"https:\/\/veslud.com\/index.php\/wp-json\/wp\/v2\/comments?post=1663"}],"version-history":[{"count":6,"href":"https:\/\/veslud.com\/index.php\/wp-json\/wp\/v2\/pages\/1663\/revisions"}],"predecessor-version":[{"id":1669,"href":"https:\/\/veslud.com\/index.php\/wp-json\/wp\/v2\/pages\/1663\/revisions\/1669"}],"wp:featuredmedia":[{"embeddable":true,"href":"https:\/\/veslud.com\/index.php\/wp-json\/wp\/v2\/media\/289"}],"wp:attachment":[{"href":"https:\/\/veslud.com\/index.php\/wp-json\/wp\/v2\/media?parent=1663"}],"curies":[{"name":"wp","href":"https:\/\/api.w.org\/{rel}","templated":true}]}}