{"id":1626,"date":"2024-07-24T17:17:30","date_gmt":"2024-07-24T15:17:30","guid":{"rendered":"https:\/\/veslud.com\/?page_id=1626"},"modified":"2024-07-24T17:17:31","modified_gmt":"2024-07-24T15:17:31","slug":"celebrations-du-14-juillet-2","status":"publish","type":"page","link":"https:\/\/veslud.com\/index.php\/celebrations-du-14-juillet-2\/","title":{"rendered":"C\u00e9l\u00e9brations du 14 juillet"},"content":{"rendered":"\n<div class=\"wp-block-media-text is-stacked-on-mobile\"><figure class=\"wp-block-media-text__media\"><img loading=\"lazy\" decoding=\"async\" width=\"1024\" height=\"775\" src=\"https:\/\/veslud.com\/wp-content\/uploads\/2024\/07\/14-juillet-Veslud-2024_003-1024x775.jpeg\" alt=\"\" class=\"wp-image-1631 size-full\" srcset=\"https:\/\/veslud.com\/wp-content\/uploads\/2024\/07\/14-juillet-Veslud-2024_003-1024x775.jpeg 1024w, https:\/\/veslud.com\/wp-content\/uploads\/2024\/07\/14-juillet-Veslud-2024_003-300x227.jpeg 300w, https:\/\/veslud.com\/wp-content\/uploads\/2024\/07\/14-juillet-Veslud-2024_003-768x581.jpeg 768w, https:\/\/veslud.com\/wp-content\/uploads\/2024\/07\/14-juillet-Veslud-2024_003.jpeg 1200w\" sizes=\"auto, (max-width: 1024px) 100vw, 1024px\" \/><\/figure><div class=\"wp-block-media-text__content\">\n<p>La comm\u00e9moration de la f\u00eate nationale a \u00e9t\u00e9 un moment convivial pour les habitants de Veslud ce jeudi 14 juillet. Accompagn\u00e9s des anciens combattants, une gerbe de fleurs a \u00e9t\u00e9 d\u00e9pos\u00e9e au monument aux morts, suivie d&rsquo;un pot de l&rsquo;amiti\u00e9.<\/p>\n<\/div><\/div>\n\n\n\n<p>Merci \u00e0 tous les participants qui ont pu \u00eatre pr\u00e9sents.<\/p>\n\n\n\n<figure class=\"wp-block-image size-large\"><img loading=\"lazy\" decoding=\"async\" width=\"1024\" height=\"768\" src=\"https:\/\/veslud.com\/wp-content\/uploads\/2024\/07\/14-juillet-Veslud-2024_004-1024x768.jpeg\" alt=\"\" class=\"wp-image-1632\" srcset=\"https:\/\/veslud.com\/wp-content\/uploads\/2024\/07\/14-juillet-Veslud-2024_004-1024x768.jpeg 1024w, https:\/\/veslud.com\/wp-content\/uploads\/2024\/07\/14-juillet-Veslud-2024_004-300x225.jpeg 300w, https:\/\/veslud.com\/wp-content\/uploads\/2024\/07\/14-juillet-Veslud-2024_004-768x576.jpeg 768w, https:\/\/veslud.com\/wp-content\/uploads\/2024\/07\/14-juillet-Veslud-2024_004-1536x1152.jpeg 1536w, https:\/\/veslud.com\/wp-content\/uploads\/2024\/07\/14-juillet-Veslud-2024_004.jpeg 1600w\" sizes=\"auto, (max-width: 1024px) 100vw, 1024px\" \/><\/figure>\n\n\n<div class=\"wp-block-image\">\n<figure class=\"aligncenter size-full is-resized\"><img loading=\"lazy\" decoding=\"async\" width=\"360\" height=\"360\" src=\"https:\/\/veslud.com\/wp-content\/uploads\/2024\/07\/pngtree-french-flag-ribbon-vector-png-image_6668578.png\" alt=\"\" class=\"wp-image-1616\" style=\"width:304px;height:auto\" srcset=\"https:\/\/veslud.com\/wp-content\/uploads\/2024\/07\/pngtree-french-flag-ribbon-vector-png-image_6668578.png 360w, https:\/\/veslud.com\/wp-content\/uploads\/2024\/07\/pngtree-french-flag-ribbon-vector-png-image_6668578-300x300.png 300w, https:\/\/veslud.com\/wp-content\/uploads\/2024\/07\/pngtree-french-flag-ribbon-vector-png-image_6668578-150x150.png 150w\" sizes=\"auto, (max-width: 360px) 100vw, 360px\" \/><\/figure>\n<\/div>","protected":false},"excerpt":{"rendered":"<p>La comm\u00e9moration de la f\u00eate nationale a \u00e9t\u00e9 un moment convivial pour les habitants de Veslud ce jeudi 14 juillet. Accompagn\u00e9s des anciens combattants, une gerbe de fleurs a \u00e9t\u00e9 d\u00e9pos\u00e9e au monument aux morts, suivie d&rsquo;un pot de l&rsquo;amiti\u00e9. Merci \u00e0 tous les participants qui ont pu \u00eatre pr\u00e9sents.<\/p>\n","protected":false},"author":1,"featured_media":410,"parent":0,"menu_order":0,"comment_status":"closed","ping_status":"closed","template":"","meta":{"footnotes":""},"class_list":["post-1626","page","type-page","status-publish","has-post-thumbnail"],"_links":{"self":[{"href":"https:\/\/veslud.com\/index.php\/wp-json\/wp\/v2\/pages\/1626","targetHints":{"allow":["GET"]}}],"collection":[{"href":"https:\/\/veslud.com\/index.php\/wp-json\/wp\/v2\/pages"}],"about":[{"href":"https:\/\/veslud.com\/index.php\/wp-json\/wp\/v2\/types\/page"}],"author":[{"embeddable":true,"href":"https:\/\/veslud.com\/index.php\/wp-json\/wp\/v2\/users\/1"}],"replies":[{"embeddable":true,"href":"https:\/\/veslud.com\/index.php\/wp-json\/wp\/v2\/comments?post=1626"}],"version-history":[{"count":5,"href":"https:\/\/veslud.com\/index.php\/wp-json\/wp\/v2\/pages\/1626\/revisions"}],"predecessor-version":[{"id":1637,"href":"https:\/\/veslud.com\/index.php\/wp-json\/wp\/v2\/pages\/1626\/revisions\/1637"}],"wp:featuredmedia":[{"embeddable":true,"href":"https:\/\/veslud.com\/index.php\/wp-json\/wp\/v2\/media\/410"}],"wp:attachment":[{"href":"https:\/\/veslud.com\/index.php\/wp-json\/wp\/v2\/media?parent=1626"}],"curies":[{"name":"wp","href":"https:\/\/api.w.org\/{rel}","templated":true}]}}