{"id":1321,"date":"2023-05-13T17:03:32","date_gmt":"2023-05-13T15:03:32","guid":{"rendered":"https:\/\/veslud.com\/?page_id=1321"},"modified":"2023-05-13T17:03:32","modified_gmt":"2023-05-13T15:03:32","slug":"deliberation-de-la-modification-du-perimetre-de-la-zone-des-blancherons-pour-la-taxe-damenagement-specifique","status":"publish","type":"page","link":"https:\/\/veslud.com\/index.php\/deliberation-de-la-modification-du-perimetre-de-la-zone-des-blancherons-pour-la-taxe-damenagement-specifique\/","title":{"rendered":"D\u00e9lib\u00e9ration de la modification du p\u00e9rim\u00e8tre de la zone des Blancherons pour la taxe d&rsquo;am\u00e9nagement sp\u00e9cifique"},"content":{"rendered":"<a href=\"https:\/\/veslud.com\/wp-content\/uploads\/2023\/05\/Deliberation-de-la-modification-du-perimetre-de-la-ZC-des-Blancherons-pour-la-taxe-damenagement-specifique.pdf\" class=\"pdfemb-viewer\" style=\"\" data-width=\"max\" data-height=\"max\" data-toolbar=\"both\" data-toolbar-fixed=\"on\">Deliberation-de-la-modification-du-perimetre-de-la-ZC-des-Blancherons-pour-la-taxe-damenagement-specifique<\/a>\n<p class=\"wp-block-pdfemb-pdf-embedder-viewer\"><\/p>\n\n\n\n<p><a href=\"https:\/\/veslud.com\/wp-content\/uploads\/2023\/05\/Deliberation-de-la-modification-du-perimetre-de-la-ZC-des-Blancherons-pour-la-taxe-damenagement-specifique.pdf\" data-type=\"URL\" data-id=\"https:\/\/veslud.com\/wp-content\/uploads\/2023\/05\/Deliberation-de-la-modification-du-perimetre-de-la-ZC-des-Blancherons-pour-la-taxe-damenagement-specifique.pdf\">T\u00e9l\u00e9charger le document<\/a><\/p>\n","protected":false},"excerpt":{"rendered":"<p>T\u00e9l\u00e9charger le document<\/p>\n","protected":false},"author":1,"featured_media":121,"parent":0,"menu_order":0,"comment_status":"closed","ping_status":"closed","template":"","meta":{"footnotes":""},"class_list":["post-1321","page","type-page","status-publish","has-post-thumbnail"],"_links":{"self":[{"href":"https:\/\/veslud.com\/index.php\/wp-json\/wp\/v2\/pages\/1321","targetHints":{"allow":["GET"]}}],"collection":[{"href":"https:\/\/veslud.com\/index.php\/wp-json\/wp\/v2\/pages"}],"about":[{"href":"https:\/\/veslud.com\/index.php\/wp-json\/wp\/v2\/types\/page"}],"author":[{"embeddable":true,"href":"https:\/\/veslud.com\/index.php\/wp-json\/wp\/v2\/users\/1"}],"replies":[{"embeddable":true,"href":"https:\/\/veslud.com\/index.php\/wp-json\/wp\/v2\/comments?post=1321"}],"version-history":[{"count":2,"href":"https:\/\/veslud.com\/index.php\/wp-json\/wp\/v2\/pages\/1321\/revisions"}],"predecessor-version":[{"id":1323,"href":"https:\/\/veslud.com\/index.php\/wp-json\/wp\/v2\/pages\/1321\/revisions\/1323"}],"wp:featuredmedia":[{"embeddable":true,"href":"https:\/\/veslud.com\/index.php\/wp-json\/wp\/v2\/media\/121"}],"wp:attachment":[{"href":"https:\/\/veslud.com\/index.php\/wp-json\/wp\/v2\/media?parent=1321"}],"curies":[{"name":"wp","href":"https:\/\/api.w.org\/{rel}","templated":true}]}}