{"id":1307,"date":"2023-05-13T16:43:16","date_gmt":"2023-05-13T14:43:16","guid":{"rendered":"https:\/\/veslud.com\/?page_id=1307"},"modified":"2023-05-13T16:43:17","modified_gmt":"2023-05-13T14:43:17","slug":"arrete-prefectoral-adoptant-la-carte-communale-de-veslud","status":"publish","type":"page","link":"https:\/\/veslud.com\/index.php\/arrete-prefectoral-adoptant-la-carte-communale-de-veslud\/","title":{"rendered":"Arr\u00eat\u00e9 pr\u00e9fectoral adoptant la carte communale de VESLUD"},"content":{"rendered":"\n<p><\/p>\n\n\n<a href=\"https:\/\/veslud.com\/wp-content\/uploads\/2023\/05\/1-Arrete-prefectoral-en-date-du-10-mai-2023-adoptant-la-carte-communale-de-VESLUD.pdf\" class=\"pdfemb-viewer\" style=\"\" data-width=\"max\" data-height=\"max\" data-toolbar=\"both\" data-toolbar-fixed=\"on\">1-Arrete-prefectoral-en-date-du-10-mai-2023-adoptant-la-carte-communale-de-VESLUD<\/a>\n<p class=\"wp-block-pdfemb-pdf-embedder-viewer\"><\/p>\n\n\n\n<p><a href=\"https:\/\/veslud.com\/wp-content\/uploads\/2023\/05\/1-Arrete-prefectoral-en-date-du-10-mai-2023-adoptant-la-carte-communale-de-VESLUD.pdf\" data-type=\"URL\" data-id=\"https:\/\/veslud.com\/wp-content\/uploads\/2023\/05\/1-Arrete-prefectoral-en-date-du-10-mai-2023-adoptant-la-carte-communale-de-VESLUD.pdf\">T\u00e9l\u00e9charger le document<\/a><\/p>\n","protected":false},"excerpt":{"rendered":"<p>T\u00e9l\u00e9charger le document<\/p>\n","protected":false},"author":1,"featured_media":121,"parent":0,"menu_order":0,"comment_status":"closed","ping_status":"closed","template":"","meta":{"footnotes":""},"class_list":["post-1307","page","type-page","status-publish","has-post-thumbnail"],"_links":{"self":[{"href":"https:\/\/veslud.com\/index.php\/wp-json\/wp\/v2\/pages\/1307","targetHints":{"allow":["GET"]}}],"collection":[{"href":"https:\/\/veslud.com\/index.php\/wp-json\/wp\/v2\/pages"}],"about":[{"href":"https:\/\/veslud.com\/index.php\/wp-json\/wp\/v2\/types\/page"}],"author":[{"embeddable":true,"href":"https:\/\/veslud.com\/index.php\/wp-json\/wp\/v2\/users\/1"}],"replies":[{"embeddable":true,"href":"https:\/\/veslud.com\/index.php\/wp-json\/wp\/v2\/comments?post=1307"}],"version-history":[{"count":1,"href":"https:\/\/veslud.com\/index.php\/wp-json\/wp\/v2\/pages\/1307\/revisions"}],"predecessor-version":[{"id":1308,"href":"https:\/\/veslud.com\/index.php\/wp-json\/wp\/v2\/pages\/1307\/revisions\/1308"}],"wp:featuredmedia":[{"embeddable":true,"href":"https:\/\/veslud.com\/index.php\/wp-json\/wp\/v2\/media\/121"}],"wp:attachment":[{"href":"https:\/\/veslud.com\/index.php\/wp-json\/wp\/v2\/media?parent=1307"}],"curies":[{"name":"wp","href":"https:\/\/api.w.org\/{rel}","templated":true}]}}