{"id":1243,"date":"2023-05-08T11:28:27","date_gmt":"2023-05-08T09:28:27","guid":{"rendered":"https:\/\/veslud.com\/?page_id=1243"},"modified":"2023-05-08T11:28:27","modified_gmt":"2023-05-08T09:28:27","slug":"ceremonie-du-8-mai","status":"publish","type":"page","link":"https:\/\/veslud.com\/index.php\/ceremonie-du-8-mai\/","title":{"rendered":"C\u00e9r\u00e9monie du 8 Mai"},"content":{"rendered":"\n<p><\/p>\n\n\n\n<figure class=\"wp-block-image size-large\"><img loading=\"lazy\" decoding=\"async\" width=\"1024\" height=\"768\" src=\"https:\/\/veslud.com\/wp-content\/uploads\/2023\/05\/8-Mai-Veslud-2023-1024x768.jpg\" alt=\"\" class=\"wp-image-1240\" srcset=\"https:\/\/veslud.com\/wp-content\/uploads\/2023\/05\/8-Mai-Veslud-2023-1024x768.jpg 1024w, https:\/\/veslud.com\/wp-content\/uploads\/2023\/05\/8-Mai-Veslud-2023-300x225.jpg 300w, https:\/\/veslud.com\/wp-content\/uploads\/2023\/05\/8-Mai-Veslud-2023-768x576.jpg 768w, https:\/\/veslud.com\/wp-content\/uploads\/2023\/05\/8-Mai-Veslud-2023-1536x1152.jpg 1536w, https:\/\/veslud.com\/wp-content\/uploads\/2023\/05\/8-Mai-Veslud-2023-2048x1536.jpg 2048w\" sizes=\"auto, (max-width: 1024px) 100vw, 1024px\" \/><\/figure>\n\n\n\n<p>A l&rsquo;occasion de la c\u00e9r\u00e9monie du 8 mai, les habitants de Veslud se sont rassembl\u00e9s pour rendre hommage aux anciens combattants et comm\u00e9morer la fin de la Seconde Guerre mondiale en Europe.<br>Cette date est en effet d&rsquo;une grande importance historique pour notre pays. Le 8 mai 1945 marque la capitulation de l&rsquo;Allemagne nazie et la fin de la guerre en Europe. C&rsquo;est un jour de lib\u00e9ration pour tous les peuples qui ont souffert de la barbarie nazie et de la guerre.<br>C&rsquo;est pourquoi il est essentiel de se rappeler les sacrifices et les efforts des anciens combattants, qui ont risqu\u00e9 leur vie pour d\u00e9fendre la libert\u00e9 et la paix.<\/p>\n\n\n\n<p>Au cours de la c\u00e9r\u00e9monie, une gerbe a \u00e9t\u00e9 d\u00e9pos\u00e9e devant le monument aux morts;  puis au terme de celle-ci, un vin d&rsquo;honneur a \u00e9t\u00e9 servi \u00e0 la mairie afin de remercier tous les participants de leur pr\u00e9sence. <\/p>\n","protected":false},"excerpt":{"rendered":"<p>A l&rsquo;occasion de la c\u00e9r\u00e9monie du 8 mai, les habitants de Veslud se sont rassembl\u00e9s pour rendre hommage aux anciens combattants et comm\u00e9morer la fin de la Seconde Guerre mondiale en Europe.Cette date est en effet d&rsquo;une grande importance historique pour notre pays. Le 8 mai 1945 marque la capitulation de l&rsquo;Allemagne nazie et la fin de la guerre en Europe. C&rsquo;est un jour de lib\u00e9ration pour tous les peuples qui ont souffert de la barbarie nazie et de la guerre.C&rsquo;est pourquoi il est essentiel de se rappeler les sacrifices et les efforts des anciens combattants, qui ont risqu\u00e9 leur vie pour d\u00e9fendre la libert\u00e9 et la paix. Au cours de la c\u00e9r\u00e9monie, une gerbe a \u00e9t\u00e9 d\u00e9pos\u00e9e devant le monument aux morts; puis au terme de celle-ci, un vin d&rsquo;honneur a \u00e9t\u00e9 servi \u00e0 la mairie afin de remercier tous les participants de leur pr\u00e9sence.<\/p>\n","protected":false},"author":1,"featured_media":1241,"parent":0,"menu_order":0,"comment_status":"closed","ping_status":"closed","template":"","meta":{"footnotes":""},"class_list":["post-1243","page","type-page","status-publish","has-post-thumbnail"],"_links":{"self":[{"href":"https:\/\/veslud.com\/index.php\/wp-json\/wp\/v2\/pages\/1243","targetHints":{"allow":["GET"]}}],"collection":[{"href":"https:\/\/veslud.com\/index.php\/wp-json\/wp\/v2\/pages"}],"about":[{"href":"https:\/\/veslud.com\/index.php\/wp-json\/wp\/v2\/types\/page"}],"author":[{"embeddable":true,"href":"https:\/\/veslud.com\/index.php\/wp-json\/wp\/v2\/users\/1"}],"replies":[{"embeddable":true,"href":"https:\/\/veslud.com\/index.php\/wp-json\/wp\/v2\/comments?post=1243"}],"version-history":[{"count":3,"href":"https:\/\/veslud.com\/index.php\/wp-json\/wp\/v2\/pages\/1243\/revisions"}],"predecessor-version":[{"id":1246,"href":"https:\/\/veslud.com\/index.php\/wp-json\/wp\/v2\/pages\/1243\/revisions\/1246"}],"wp:featuredmedia":[{"embeddable":true,"href":"https:\/\/veslud.com\/index.php\/wp-json\/wp\/v2\/media\/1241"}],"wp:attachment":[{"href":"https:\/\/veslud.com\/index.php\/wp-json\/wp\/v2\/media?parent=1243"}],"curies":[{"name":"wp","href":"https:\/\/api.w.org\/{rel}","templated":true}]}}