{"id":1161,"date":"2023-01-09T19:17:23","date_gmt":"2023-01-09T18:17:23","guid":{"rendered":"https:\/\/veslud.com\/?page_id=1161"},"modified":"2023-01-09T19:17:25","modified_gmt":"2023-01-09T18:17:25","slug":"voeux-2023","status":"publish","type":"page","link":"https:\/\/veslud.com\/index.php\/voeux-2023\/","title":{"rendered":"V\u0153ux 2023"},"content":{"rendered":"\n<div class=\"wp-block-media-text alignwide is-stacked-on-mobile\"><figure class=\"wp-block-media-text__media\"><img loading=\"lazy\" decoding=\"async\" width=\"1024\" height=\"768\" src=\"https:\/\/veslud.com\/wp-content\/uploads\/2023\/01\/Voeux-Veslud-2023_01-1024x768.jpeg\" alt=\"\" class=\"wp-image-1157 size-full\" srcset=\"https:\/\/veslud.com\/wp-content\/uploads\/2023\/01\/Voeux-Veslud-2023_01-1024x768.jpeg 1024w, https:\/\/veslud.com\/wp-content\/uploads\/2023\/01\/Voeux-Veslud-2023_01-300x225.jpeg 300w, https:\/\/veslud.com\/wp-content\/uploads\/2023\/01\/Voeux-Veslud-2023_01-768x576.jpeg 768w, https:\/\/veslud.com\/wp-content\/uploads\/2023\/01\/Voeux-Veslud-2023_01-1536x1152.jpeg 1536w, https:\/\/veslud.com\/wp-content\/uploads\/2023\/01\/Voeux-Veslud-2023_01-2048x1536.jpeg 2048w\" sizes=\"auto, (max-width: 1024px) 100vw, 1024px\" \/><\/figure><div class=\"wp-block-media-text__content\">\n<p>C&rsquo;est rassembl\u00e9 autour de G\u00e9rard Loiseaux, maire du village ainsi que de Thierry D\u00e9lerot, conseiller d\u00e9partemental et Antoine Lef\u00e8vre, s\u00e9nateur, que les habitants de Veslud ont pu, apr\u00e8s deux ann\u00e9es d&rsquo;interruption, s&rsquo;\u00e9changer les traditionnels v\u0153ux de bonne ann\u00e9e.<\/p>\n<\/div><\/div>\n\n\n\n<p><\/p>\n\n\n\n<div class=\"wp-block-media-text alignwide has-media-on-the-right is-stacked-on-mobile\"><div class=\"wp-block-media-text__content\">\n<p>Apr\u00e8s un rapide r\u00e9capitulatif des travaux men\u00e9s au sein de la commune, un verre de l&rsquo;amiti\u00e9 a \u00e9t\u00e9 servi \u00e0 l&rsquo;assembl\u00e9e venue nombreuse pour l&rsquo;\u00e9v\u00e8nement.<\/p>\n<\/div><figure class=\"wp-block-media-text__media\"><img loading=\"lazy\" decoding=\"async\" width=\"1024\" height=\"768\" src=\"https:\/\/veslud.com\/wp-content\/uploads\/2023\/01\/Voeux-Veslud-2023_02-1024x768.jpeg\" alt=\"\" class=\"wp-image-1156 size-full\" srcset=\"https:\/\/veslud.com\/wp-content\/uploads\/2023\/01\/Voeux-Veslud-2023_02-1024x768.jpeg 1024w, https:\/\/veslud.com\/wp-content\/uploads\/2023\/01\/Voeux-Veslud-2023_02-300x225.jpeg 300w, https:\/\/veslud.com\/wp-content\/uploads\/2023\/01\/Voeux-Veslud-2023_02-768x576.jpeg 768w, https:\/\/veslud.com\/wp-content\/uploads\/2023\/01\/Voeux-Veslud-2023_02-1536x1152.jpeg 1536w, https:\/\/veslud.com\/wp-content\/uploads\/2023\/01\/Voeux-Veslud-2023_02-2048x1536.jpeg 2048w\" sizes=\"auto, (max-width: 1024px) 100vw, 1024px\" \/><\/figure><\/div>\n\n\n\n<p><\/p>\n\n\n\n<div class=\"wp-block-media-text alignwide is-stacked-on-mobile\"><figure class=\"wp-block-media-text__media\"><img loading=\"lazy\" decoding=\"async\" width=\"1024\" height=\"768\" src=\"https:\/\/veslud.com\/wp-content\/uploads\/2023\/01\/Voeux-Veslud-2023_03-1024x768.jpeg\" alt=\"\" class=\"wp-image-1155 size-full\" srcset=\"https:\/\/veslud.com\/wp-content\/uploads\/2023\/01\/Voeux-Veslud-2023_03-1024x768.jpeg 1024w, https:\/\/veslud.com\/wp-content\/uploads\/2023\/01\/Voeux-Veslud-2023_03-300x225.jpeg 300w, https:\/\/veslud.com\/wp-content\/uploads\/2023\/01\/Voeux-Veslud-2023_03-768x576.jpeg 768w, https:\/\/veslud.com\/wp-content\/uploads\/2023\/01\/Voeux-Veslud-2023_03-1536x1152.jpeg 1536w, https:\/\/veslud.com\/wp-content\/uploads\/2023\/01\/Voeux-Veslud-2023_03-2048x1536.jpeg 2048w\" sizes=\"auto, (max-width: 1024px) 100vw, 1024px\" \/><\/figure><div class=\"wp-block-media-text__content\">\n<p>Merci \u00e0 tous de votre pr\u00e9sence !<\/p>\n<\/div><\/div>\n\n\n\n<p><\/p>\n\n\n\n<figure class=\"wp-block-gallery has-nested-images columns-default is-cropped wp-block-gallery-1 is-layout-flex wp-block-gallery-is-layout-flex\">\n<figure class=\"wp-block-image size-large\"><img loading=\"lazy\" decoding=\"async\" width=\"1024\" height=\"768\" data-id=\"1154\" src=\"https:\/\/veslud.com\/wp-content\/uploads\/2023\/01\/Voeux-Veslud-2023_04-1024x768.jpeg\" alt=\"\" class=\"wp-image-1154\" srcset=\"https:\/\/veslud.com\/wp-content\/uploads\/2023\/01\/Voeux-Veslud-2023_04-1024x768.jpeg 1024w, https:\/\/veslud.com\/wp-content\/uploads\/2023\/01\/Voeux-Veslud-2023_04-300x225.jpeg 300w, https:\/\/veslud.com\/wp-content\/uploads\/2023\/01\/Voeux-Veslud-2023_04-768x576.jpeg 768w, https:\/\/veslud.com\/wp-content\/uploads\/2023\/01\/Voeux-Veslud-2023_04-1536x1152.jpeg 1536w, https:\/\/veslud.com\/wp-content\/uploads\/2023\/01\/Voeux-Veslud-2023_04-2048x1536.jpeg 2048w\" sizes=\"auto, (max-width: 1024px) 100vw, 1024px\" \/><\/figure>\n\n\n\n<figure class=\"wp-block-image size-large\"><img loading=\"lazy\" decoding=\"async\" width=\"1024\" height=\"768\" data-id=\"1153\" src=\"https:\/\/veslud.com\/wp-content\/uploads\/2023\/01\/Voeux-Veslud-2023_05-1024x768.jpeg\" alt=\"\" class=\"wp-image-1153\" srcset=\"https:\/\/veslud.com\/wp-content\/uploads\/2023\/01\/Voeux-Veslud-2023_05-1024x768.jpeg 1024w, https:\/\/veslud.com\/wp-content\/uploads\/2023\/01\/Voeux-Veslud-2023_05-300x225.jpeg 300w, https:\/\/veslud.com\/wp-content\/uploads\/2023\/01\/Voeux-Veslud-2023_05-768x576.jpeg 768w, https:\/\/veslud.com\/wp-content\/uploads\/2023\/01\/Voeux-Veslud-2023_05-1536x1152.jpeg 1536w, https:\/\/veslud.com\/wp-content\/uploads\/2023\/01\/Voeux-Veslud-2023_05-2048x1536.jpeg 2048w\" sizes=\"auto, (max-width: 1024px) 100vw, 1024px\" \/><\/figure>\n\n\n\n<figure class=\"wp-block-image size-large\"><img loading=\"lazy\" decoding=\"async\" width=\"1024\" height=\"768\" data-id=\"1152\" src=\"https:\/\/veslud.com\/wp-content\/uploads\/2023\/01\/Voeux-Veslud-2023_06-1024x768.jpeg\" alt=\"\" class=\"wp-image-1152\" srcset=\"https:\/\/veslud.com\/wp-content\/uploads\/2023\/01\/Voeux-Veslud-2023_06-1024x768.jpeg 1024w, https:\/\/veslud.com\/wp-content\/uploads\/2023\/01\/Voeux-Veslud-2023_06-300x225.jpeg 300w, https:\/\/veslud.com\/wp-content\/uploads\/2023\/01\/Voeux-Veslud-2023_06-768x576.jpeg 768w, https:\/\/veslud.com\/wp-content\/uploads\/2023\/01\/Voeux-Veslud-2023_06-1536x1152.jpeg 1536w, https:\/\/veslud.com\/wp-content\/uploads\/2023\/01\/Voeux-Veslud-2023_06-2048x1536.jpeg 2048w\" sizes=\"auto, (max-width: 1024px) 100vw, 1024px\" \/><\/figure>\n<\/figure>\n","protected":false},"excerpt":{"rendered":"<p>C&rsquo;est rassembl\u00e9 autour de G\u00e9rard Loiseaux, maire du village ainsi que de Thierry D\u00e9lerot, conseiller d\u00e9partemental et Antoine Lef\u00e8vre, s\u00e9nateur, que les habitants de Veslud ont pu, apr\u00e8s deux ann\u00e9es d&rsquo;interruption, s&rsquo;\u00e9changer les traditionnels v\u0153ux de bonne ann\u00e9e. Apr\u00e8s un rapide r\u00e9capitulatif des travaux men\u00e9s au sein de la commune, un verre de l&rsquo;amiti\u00e9 a \u00e9t\u00e9 servi \u00e0 l&rsquo;assembl\u00e9e venue nombreuse pour l&rsquo;\u00e9v\u00e8nement. Merci \u00e0 tous de votre pr\u00e9sence !<\/p>\n","protected":false},"author":1,"featured_media":1143,"parent":0,"menu_order":0,"comment_status":"closed","ping_status":"closed","template":"","meta":{"footnotes":""},"class_list":["post-1161","page","type-page","status-publish","has-post-thumbnail"],"_links":{"self":[{"href":"https:\/\/veslud.com\/index.php\/wp-json\/wp\/v2\/pages\/1161","targetHints":{"allow":["GET"]}}],"collection":[{"href":"https:\/\/veslud.com\/index.php\/wp-json\/wp\/v2\/pages"}],"about":[{"href":"https:\/\/veslud.com\/index.php\/wp-json\/wp\/v2\/types\/page"}],"author":[{"embeddable":true,"href":"https:\/\/veslud.com\/index.php\/wp-json\/wp\/v2\/users\/1"}],"replies":[{"embeddable":true,"href":"https:\/\/veslud.com\/index.php\/wp-json\/wp\/v2\/comments?post=1161"}],"version-history":[{"count":2,"href":"https:\/\/veslud.com\/index.php\/wp-json\/wp\/v2\/pages\/1161\/revisions"}],"predecessor-version":[{"id":1163,"href":"https:\/\/veslud.com\/index.php\/wp-json\/wp\/v2\/pages\/1161\/revisions\/1163"}],"wp:featuredmedia":[{"embeddable":true,"href":"https:\/\/veslud.com\/index.php\/wp-json\/wp\/v2\/media\/1143"}],"wp:attachment":[{"href":"https:\/\/veslud.com\/index.php\/wp-json\/wp\/v2\/media?parent=1161"}],"curies":[{"name":"wp","href":"https:\/\/api.w.org\/{rel}","templated":true}]}}